{"id":33,"date":"2017-12-04T05:38:31","date_gmt":"2017-12-04T05:38:31","guid":{"rendered":"http:\/\/datingnerdz.com\/?page_id=33"},"modified":"2018-03-23T11:55:46","modified_gmt":"2018-03-23T11:55:46","slug":"home","status":"publish","type":"page","link":"https:\/\/datingnerdz.com\/sv\/home\/","title":{"rendered":"Hem"},"content":{"rendered":"<p>V\u00e4lkommen till Datingnerdz<\/p>\n\t\t<div class=\"wppsac-wrap wppsac-slick-slider-wrp wppsac-clearfix \" data-conf=\"{&quot;dots&quot;:&quot;true&quot;,&quot;arrows&quot;:&quot;true&quot;,&quot;autoplay&quot;:&quot;true&quot;,&quot;autoplay_interval&quot;:3000,&quot;speed&quot;:500,&quot;rtl&quot;:&quot;false&quot;,&quot;lazyload&quot;:&quot;&quot;}\">\r\n\t\t\t<div id=\"wppsac-post-slider-1\" class=\"wppsac-post-slider-init wppsac-post-slider design-3\">\r\n\t\t\t\t<div class=\"wppsac-post-slides\">\r\n\t<div class=\"wppsac-post-overlay\">\r\n\t\t<div class=\"wppsac-post-image-bg\">\r\n\t\t\t<a href=\"https:\/\/datingnerdz.com\/sv\/romantiska-dejtideer\/\">\r\n\t\t\t\t\t\t\t<\/a>\r\n\t\t<\/div>\r\n\r\n\t\t\t\t<div class=\"wppsac-post-categories\"><ul class=\"wppsac-post-categories-list\"><li><a href=\"https:\/\/datingnerdz.com\/sv\/gay-sv\/\">Gay<\/a><\/li><li><a href=\"https:\/\/datingnerdz.com\/sv\/kvinnor\/\">Kvinnor<\/a><\/li><li><a href=\"https:\/\/datingnerdz.com\/sv\/lesbisk\/\">Lesbisk<\/a><\/li><li><a href=\"https:\/\/datingnerdz.com\/sv\/man-sv\/\">Man<\/a><\/li><li><a href=\"https:\/\/datingnerdz.com\/sv\/online-dejting\/\">Online Dejting<\/a><\/li><li><a href=\"https:\/\/datingnerdz.com\/sv\/senior-dejting\/\">Senior Dejting<\/a><\/li><\/ul><\/div>\r\n\t\t\r\n\t\t<div class=\"wppsac-post-short-content\">\r\n\t\t\t<div class=\"wppsac-item-meta bottom\">\r\n\t\t\t  \t<h2 class=\"wppsac-post-title\">\r\n\t\t\t\t\t<a href=\"https:\/\/datingnerdz.com\/sv\/romantiska-dejtideer\/\">Romantisk Dejting: 10+ Fantastiska Romantiska Dejtid\u00e9er<\/a>\r\n\t\t\t\t<\/h2>\r\n\r\n\t\t\t\t\t\t\t\t<div class=\"wppsac-post-date\">\r\n\t\t\t\t\t \r\n\t\t\t\t\t<span>By nerds8679<\/span>\r\n\t\t\t\t\t \/ januari 14, 2020\t\t\t\t<\/div>\r\n\t\t\t\t\t\t\t\t<div class=\"wppsac-post-content\">\r\n\t\t\t\t\t<div class=\"wppsac-sub-content\">F\u00f6rs\u00f6ker du planera en romantisk dejt, men k\u00e4nner dig helt tom p\u00e5 id\u00e9er? Kanske \u00e4r det en f\u00f6rsta dejt, eller...<\/div>\r\n\r\n\t\t\t\t\t\t\t\t\t\t<a class=\"wppsac-readmorebtn\" href=\"https:\/\/datingnerdz.com\/sv\/romantiska-dejtideer\/\">Read More<\/a>\r\n\t\t\t\t\t\t\t\t\t<\/div>\r\n\t\t\t\t\t\t\t<\/div>\r\n\t\t<\/div>\r\n\t<\/div>\r\n<\/div><div class=\"wppsac-post-slides\">\r\n\t<div class=\"wppsac-post-overlay\">\r\n\t\t<div class=\"wppsac-post-image-bg\">\r\n\t\t\t<a href=\"https:\/\/datingnerdz.com\/sv\/fiffiga-dejting-ideer\/\">\r\n\t\t\t\t\t\t\t<\/a>\r\n\t\t<\/div>\r\n\r\n\t\t\t\t<div class=\"wppsac-post-categories\"><ul class=\"wppsac-post-categories-list\"><li><a href=\"https:\/\/datingnerdz.com\/sv\/gay-sv\/\">Gay<\/a><\/li><li><a href=\"https:\/\/datingnerdz.com\/sv\/kvinnor\/\">Kvinnor<\/a><\/li><li><a href=\"https:\/\/datingnerdz.com\/sv\/lesbisk\/\">Lesbisk<\/a><\/li><li><a href=\"https:\/\/datingnerdz.com\/sv\/man-sv\/\">Man<\/a><\/li><li><a href=\"https:\/\/datingnerdz.com\/sv\/online-dejting\/\">Online Dejting<\/a><\/li><li><a href=\"https:\/\/datingnerdz.com\/sv\/senior-dejting\/\">Senior Dejting<\/a><\/li><\/ul><\/div>\r\n\t\t\r\n\t\t<div class=\"wppsac-post-short-content\">\r\n\t\t\t<div class=\"wppsac-item-meta bottom\">\r\n\t\t\t  \t<h2 class=\"wppsac-post-title\">\r\n\t\t\t\t\t<a href=\"https:\/\/datingnerdz.com\/sv\/fiffiga-dejting-ideer\/\">Lista P\u00e5 10 Fiffiga Dejting Id\u00e9er &#8211; Den Smartaste Listan Du Kan Hitta<\/a>\r\n\t\t\t\t<\/h2>\r\n\r\n\t\t\t\t\t\t\t\t<div class=\"wppsac-post-date\">\r\n\t\t\t\t\t \r\n\t\t\t\t\t<span>By nerds8679<\/span>\r\n\t\t\t\t\t \/ januari 14, 2020\t\t\t\t<\/div>\r\n\t\t\t\t\t\t\t\t<div class=\"wppsac-post-content\">\r\n\t\t\t\t\t<div class=\"wppsac-sub-content\">Oavsett om du har dejtat ett tag eller bara vill g\u00f6ra n\u00e5got nytt i f\u00f6rh\u00e5llandet, kan du beh\u00f6va lite fiffiga...<\/div>\r\n\r\n\t\t\t\t\t\t\t\t\t\t<a class=\"wppsac-readmorebtn\" href=\"https:\/\/datingnerdz.com\/sv\/fiffiga-dejting-ideer\/\">Read More<\/a>\r\n\t\t\t\t\t\t\t\t\t<\/div>\r\n\t\t\t\t\t\t\t<\/div>\r\n\t\t<\/div>\r\n\t<\/div>\r\n<\/div><div class=\"wppsac-post-slides\">\r\n\t<div class=\"wppsac-post-overlay\">\r\n\t\t<div class=\"wppsac-post-image-bg\">\r\n\t\t\t<a href=\"https:\/\/datingnerdz.com\/sv\/dejtingappar\/\">\r\n\t\t\t\t\t\t\t<\/a>\r\n\t\t<\/div>\r\n\r\n\t\t\t\t<div class=\"wppsac-post-categories\"><ul class=\"wppsac-post-categories-list\"><li><a href=\"https:\/\/datingnerdz.com\/sv\/gay-sv\/\">Gay<\/a><\/li><li><a href=\"https:\/\/datingnerdz.com\/sv\/kvinnor\/\">Kvinnor<\/a><\/li><li><a href=\"https:\/\/datingnerdz.com\/sv\/lesbisk\/\">Lesbisk<\/a><\/li><li><a href=\"https:\/\/datingnerdz.com\/sv\/man-sv\/\">Man<\/a><\/li><li><a href=\"https:\/\/datingnerdz.com\/sv\/online-dejting\/\">Online Dejting<\/a><\/li><li><a href=\"https:\/\/datingnerdz.com\/sv\/senior-dejting\/\">Senior Dejting<\/a><\/li><\/ul><\/div>\r\n\t\t\r\n\t\t<div class=\"wppsac-post-short-content\">\r\n\t\t\t<div class=\"wppsac-item-meta bottom\">\r\n\t\t\t  \t<h2 class=\"wppsac-post-title\">\r\n\t\t\t\t\t<a href=\"https:\/\/datingnerdz.com\/sv\/dejtingappar\/\">Guide till Dejtingappar: Gratis, B\u00e4st, Nedladdning, Pris (KOMPLETT GUIDE)<\/a>\r\n\t\t\t\t<\/h2>\r\n\r\n\t\t\t\t\t\t\t\t<div class=\"wppsac-post-date\">\r\n\t\t\t\t\t \r\n\t\t\t\t\t<span>By nerds8679<\/span>\r\n\t\t\t\t\t \/ december 9, 2019\t\t\t\t<\/div>\r\n\t\t\t\t\t\t\t\t<div class=\"wppsac-post-content\">\r\n\t\t\t\t\t<div class=\"wppsac-sub-content\">Om du har varit n\u00e5gonstans i n\u00e4rheten av teknologi under det senaste \u00e5rtiondet eller s\u00e5, har du \u00e5tminstone h\u00f6rt talas...<\/div>\r\n\r\n\t\t\t\t\t\t\t\t\t\t<a class=\"wppsac-readmorebtn\" href=\"https:\/\/datingnerdz.com\/sv\/dejtingappar\/\">Read More<\/a>\r\n\t\t\t\t\t\t\t\t\t<\/div>\r\n\t\t\t\t\t\t\t<\/div>\r\n\t\t<\/div>\r\n\t<\/div>\r\n<\/div><div class=\"wppsac-post-slides\">\r\n\t<div class=\"wppsac-post-overlay\">\r\n\t\t<div class=\"wppsac-post-image-bg\">\r\n\t\t\t<a href=\"https:\/\/datingnerdz.com\/sv\/gor-ett-bra-forsta-intryck\/\">\r\n\t\t\t\t\t\t\t<\/a>\r\n\t\t<\/div>\r\n\r\n\t\t\t\t<div class=\"wppsac-post-categories\"><ul class=\"wppsac-post-categories-list\"><li><a href=\"https:\/\/datingnerdz.com\/sv\/gay-sv\/\">Gay<\/a><\/li><li><a href=\"https:\/\/datingnerdz.com\/sv\/kvinnor\/\">Kvinnor<\/a><\/li><li><a href=\"https:\/\/datingnerdz.com\/sv\/lesbisk\/\">Lesbisk<\/a><\/li><li><a href=\"https:\/\/datingnerdz.com\/sv\/man-sv\/\">Man<\/a><\/li><li><a href=\"https:\/\/datingnerdz.com\/sv\/online-dejting\/\">Online Dejting<\/a><\/li><li><a href=\"https:\/\/datingnerdz.com\/sv\/senior-dejting\/\">Senior Dejting<\/a><\/li><\/ul><\/div>\r\n\t\t\r\n\t\t<div class=\"wppsac-post-short-content\">\r\n\t\t\t<div class=\"wppsac-item-meta bottom\">\r\n\t\t\t  \t<h2 class=\"wppsac-post-title\">\r\n\t\t\t\t\t<a href=\"https:\/\/datingnerdz.com\/sv\/gor-ett-bra-forsta-intryck\/\">10 S\u00e4tt Att G\u00f6ra Ett Bra F\u00f6rsta Intryck<\/a>\r\n\t\t\t\t<\/h2>\r\n\r\n\t\t\t\t\t\t\t\t<div class=\"wppsac-post-date\">\r\n\t\t\t\t\t \r\n\t\t\t\t\t<span>By nerds8679<\/span>\r\n\t\t\t\t\t \/ oktober 22, 2019\t\t\t\t<\/div>\r\n\t\t\t\t\t\t\t\t<div class=\"wppsac-post-content\">\r\n\t\t\t\t\t<div class=\"wppsac-sub-content\">Du f\u00e5r bara en chans att g\u00f6ra ett f\u00f6rsta intryck. S\u00e5 n\u00e4r du letar efter n\u00e5gon att dejta en l\u00e4ngre...<\/div>\r\n\r\n\t\t\t\t\t\t\t\t\t\t<a class=\"wppsac-readmorebtn\" href=\"https:\/\/datingnerdz.com\/sv\/gor-ett-bra-forsta-intryck\/\">Read More<\/a>\r\n\t\t\t\t\t\t\t\t\t<\/div>\r\n\t\t\t\t\t\t\t<\/div>\r\n\t\t<\/div>\r\n\t<\/div>\r\n<\/div><div class=\"wppsac-post-slides\">\r\n\t<div class=\"wppsac-post-overlay\">\r\n\t\t<div class=\"wppsac-post-image-bg\">\r\n\t\t\t<a href=\"https:\/\/datingnerdz.com\/sv\/roliga-dejting-ideer-for-forsta-dejten\/\">\r\n\t\t\t\t\t\t\t<\/a>\r\n\t\t<\/div>\r\n\r\n\t\t\t\t<div class=\"wppsac-post-categories\"><ul class=\"wppsac-post-categories-list\"><li><a href=\"https:\/\/datingnerdz.com\/sv\/gay-sv\/\">Gay<\/a><\/li><li><a href=\"https:\/\/datingnerdz.com\/sv\/kvinnor\/\">Kvinnor<\/a><\/li><li><a href=\"https:\/\/datingnerdz.com\/sv\/lesbisk\/\">Lesbisk<\/a><\/li><li><a href=\"https:\/\/datingnerdz.com\/sv\/man-sv\/\">Man<\/a><\/li><li><a href=\"https:\/\/datingnerdz.com\/sv\/online-dejting\/\">Online Dejting<\/a><\/li><li><a href=\"https:\/\/datingnerdz.com\/sv\/senior-dejting\/\">Senior Dejting<\/a><\/li><\/ul><\/div>\r\n\t\t\r\n\t\t<div class=\"wppsac-post-short-content\">\r\n\t\t\t<div class=\"wppsac-item-meta bottom\">\r\n\t\t\t  \t<h2 class=\"wppsac-post-title\">\r\n\t\t\t\t\t<a href=\"https:\/\/datingnerdz.com\/sv\/roliga-dejting-ideer-for-forsta-dejten\/\">Listan p\u00e5 \u00d6ver 10 Roliga dejting ideer Du M\u00e5ste Prova<\/a>\r\n\t\t\t\t<\/h2>\r\n\r\n\t\t\t\t\t\t\t\t<div class=\"wppsac-post-date\">\r\n\t\t\t\t\t \r\n\t\t\t\t\t<span>By nerds8679<\/span>\r\n\t\t\t\t\t \/ oktober 22, 2019\t\t\t\t<\/div>\r\n\t\t\t\t\t\t\t\t<div class=\"wppsac-post-content\">\r\n\t\t\t\t\t<div class=\"wppsac-sub-content\">Det \u00e4r inte varje dag du g\u00e5r p\u00e5 en f\u00f6rsta dejt som inte visar sig vara rolig. Dock blir vissa...<\/div>\r\n\r\n\t\t\t\t\t\t\t\t\t\t<a class=\"wppsac-readmorebtn\" href=\"https:\/\/datingnerdz.com\/sv\/roliga-dejting-ideer-for-forsta-dejten\/\">Read More<\/a>\r\n\t\t\t\t\t\t\t\t\t<\/div>\r\n\t\t\t\t\t\t\t<\/div>\r\n\t\t<\/div>\r\n\t<\/div>\r\n<\/div><div class=\"wppsac-post-slides\">\r\n\t<div class=\"wppsac-post-overlay\">\r\n\t\t<div class=\"wppsac-post-image-bg\">\r\n\t\t\t<a href=\"https:\/\/datingnerdz.com\/sv\/tecken-forsta-dejten-gick-bra\/\">\r\n\t\t\t\t\t\t\t<\/a>\r\n\t\t<\/div>\r\n\r\n\t\t\t\t<div class=\"wppsac-post-categories\"><ul class=\"wppsac-post-categories-list\"><li><a href=\"https:\/\/datingnerdz.com\/sv\/gay-sv\/\">Gay<\/a><\/li><li><a href=\"https:\/\/datingnerdz.com\/sv\/kvinnor\/\">Kvinnor<\/a><\/li><li><a href=\"https:\/\/datingnerdz.com\/sv\/lesbisk\/\">Lesbisk<\/a><\/li><li><a href=\"https:\/\/datingnerdz.com\/sv\/man-sv\/\">Man<\/a><\/li><li><a href=\"https:\/\/datingnerdz.com\/sv\/online-dejting\/\">Online Dejting<\/a><\/li><li><a href=\"https:\/\/datingnerdz.com\/sv\/senior-dejting\/\">Senior Dejting<\/a><\/li><\/ul><\/div>\r\n\t\t\r\n\t\t<div class=\"wppsac-post-short-content\">\r\n\t\t\t<div class=\"wppsac-item-meta bottom\">\r\n\t\t\t  \t<h2 class=\"wppsac-post-title\">\r\n\t\t\t\t\t<a href=\"https:\/\/datingnerdz.com\/sv\/tecken-forsta-dejten-gick-bra\/\">8 Tecken p\u00e5 att f\u00f6rsta dejten gick superbra<\/a>\r\n\t\t\t\t<\/h2>\r\n\r\n\t\t\t\t\t\t\t\t<div class=\"wppsac-post-date\">\r\n\t\t\t\t\t \r\n\t\t\t\t\t<span>By nerds8679<\/span>\r\n\t\t\t\t\t \/ oktober 11, 2019\t\t\t\t<\/div>\r\n\t\t\t\t\t\t\t\t<div class=\"wppsac-post-content\">\r\n\t\t\t\t\t<div class=\"wppsac-sub-content\">Du har precis kommit hem fr\u00e5n en f\u00f6rsta dejt med en ny person. Hur gick det?! Inte s\u00e4ker? Det \u00e4r...<\/div>\r\n\r\n\t\t\t\t\t\t\t\t\t\t<a class=\"wppsac-readmorebtn\" href=\"https:\/\/datingnerdz.com\/sv\/tecken-forsta-dejten-gick-bra\/\">Read More<\/a>\r\n\t\t\t\t\t\t\t\t\t<\/div>\r\n\t\t\t\t\t\t\t<\/div>\r\n\t\t<\/div>\r\n\t<\/div>\r\n<\/div><div class=\"wppsac-post-slides\">\r\n\t<div class=\"wppsac-post-overlay\">\r\n\t\t<div class=\"wppsac-post-image-bg\">\r\n\t\t\t<a href=\"https:\/\/datingnerdz.com\/sv\/hur-man-hittar-karleken-efter-60\/\">\r\n\t\t\t\t\t\t\t<\/a>\r\n\t\t<\/div>\r\n\r\n\t\t\t\t<div class=\"wppsac-post-categories\"><ul class=\"wppsac-post-categories-list\"><li><a href=\"https:\/\/datingnerdz.com\/sv\/gay-sv\/\">Gay<\/a><\/li><li><a href=\"https:\/\/datingnerdz.com\/sv\/kvinnor\/\">Kvinnor<\/a><\/li><li><a href=\"https:\/\/datingnerdz.com\/sv\/lesbisk\/\">Lesbisk<\/a><\/li><li><a href=\"https:\/\/datingnerdz.com\/sv\/man-sv\/\">Man<\/a><\/li><li><a href=\"https:\/\/datingnerdz.com\/sv\/online-dejting\/\">Online Dejting<\/a><\/li><li><a href=\"https:\/\/datingnerdz.com\/sv\/senior-dejting\/\">Senior Dejting<\/a><\/li><li><a href=\"https:\/\/datingnerdz.com\/sv\/sex-relation\/\">Sex &amp; Relation<\/a><\/li><\/ul><\/div>\r\n\t\t\r\n\t\t<div class=\"wppsac-post-short-content\">\r\n\t\t\t<div class=\"wppsac-item-meta bottom\">\r\n\t\t\t  \t<h2 class=\"wppsac-post-title\">\r\n\t\t\t\t\t<a href=\"https:\/\/datingnerdz.com\/sv\/hur-man-hittar-karleken-efter-60\/\">Hur Man Hittar K\u00e4rleken Efter 60+ &#8211; &#8220;Ge Inte Upp Hoppet&#8221;<\/a>\r\n\t\t\t\t<\/h2>\r\n\r\n\t\t\t\t\t\t\t\t<div class=\"wppsac-post-date\">\r\n\t\t\t\t\t \r\n\t\t\t\t\t<span>By nerds8679<\/span>\r\n\t\t\t\t\t \/ oktober 9, 2019\t\t\t\t<\/div>\r\n\t\t\t\t\t\t\t\t<div class=\"wppsac-post-content\">\r\n\t\t\t\t\t<div class=\"wppsac-sub-content\">\u00c4r du \u00e4ldre \u00e4n 60? \u00c4nnu viktigare, vill du hitta k\u00e4rleken efter 60? Ge inte upp hoppet! Du \u00e4r fortfarande...<\/div>\r\n\r\n\t\t\t\t\t\t\t\t\t\t<a class=\"wppsac-readmorebtn\" href=\"https:\/\/datingnerdz.com\/sv\/hur-man-hittar-karleken-efter-60\/\">Read More<\/a>\r\n\t\t\t\t\t\t\t\t\t<\/div>\r\n\t\t\t\t\t\t\t<\/div>\r\n\t\t<\/div>\r\n\t<\/div>\r\n<\/div><div class=\"wppsac-post-slides\">\r\n\t<div class=\"wppsac-post-overlay\">\r\n\t\t<div class=\"wppsac-post-image-bg\">\r\n\t\t\t<a href=\"https:\/\/datingnerdz.com\/sv\/var-kan-man-traffa-homosexuella-man\/\">\r\n\t\t\t\t\t\t\t<\/a>\r\n\t\t<\/div>\r\n\r\n\t\t\t\t<div class=\"wppsac-post-categories\"><ul class=\"wppsac-post-categories-list\"><li><a href=\"https:\/\/datingnerdz.com\/sv\/gay-sv\/\">Gay<\/a><\/li><\/ul><\/div>\r\n\t\t\r\n\t\t<div class=\"wppsac-post-short-content\">\r\n\t\t\t<div class=\"wppsac-item-meta bottom\">\r\n\t\t\t  \t<h2 class=\"wppsac-post-title\">\r\n\t\t\t\t\t<a href=\"https:\/\/datingnerdz.com\/sv\/var-kan-man-traffa-homosexuella-man\/\">Var Kan Man Tr\u00e4ffa Homosexuella M\u00e4n? &#8211; 8 B\u00e4sta Platserna Listade<\/a>\r\n\t\t\t\t<\/h2>\r\n\r\n\t\t\t\t\t\t\t\t<div class=\"wppsac-post-date\">\r\n\t\t\t\t\t \r\n\t\t\t\t\t<span>By nerds8679<\/span>\r\n\t\t\t\t\t \/ oktober 9, 2019\t\t\t\t<\/div>\r\n\t\t\t\t\t\t\t\t<div class=\"wppsac-post-content\">\r\n\t\t\t\t\t<div class=\"wppsac-sub-content\">\u00c4r du en homosexuell man som \u00e4r singel? Undrar du hur och var du kan tr\u00e4ffa andra homosexuella m\u00e4n som...<\/div>\r\n\r\n\t\t\t\t\t\t\t\t\t\t<a class=\"wppsac-readmorebtn\" href=\"https:\/\/datingnerdz.com\/sv\/var-kan-man-traffa-homosexuella-man\/\">Read More<\/a>\r\n\t\t\t\t\t\t\t\t\t<\/div>\r\n\t\t\t\t\t\t\t<\/div>\r\n\t\t<\/div>\r\n\t<\/div>\r\n<\/div><div class=\"wppsac-post-slides\">\r\n\t<div class=\"wppsac-post-overlay\">\r\n\t\t<div class=\"wppsac-post-image-bg\">\r\n\t\t\t<a href=\"https:\/\/datingnerdz.com\/sv\/tecken-pa-att-forsta-dejten-gick-daligt\/\">\r\n\t\t\t\t\t\t\t<\/a>\r\n\t\t<\/div>\r\n\r\n\t\t\t\t<div class=\"wppsac-post-categories\"><ul class=\"wppsac-post-categories-list\"><li><a href=\"https:\/\/datingnerdz.com\/sv\/gay-sv\/\">Gay<\/a><\/li><li><a href=\"https:\/\/datingnerdz.com\/sv\/kvinnor\/\">Kvinnor<\/a><\/li><li><a href=\"https:\/\/datingnerdz.com\/sv\/lesbisk\/\">Lesbisk<\/a><\/li><li><a href=\"https:\/\/datingnerdz.com\/sv\/man-sv\/\">Man<\/a><\/li><li><a href=\"https:\/\/datingnerdz.com\/sv\/online-dejting\/\">Online Dejting<\/a><\/li><li><a href=\"https:\/\/datingnerdz.com\/sv\/senior-dejting\/\">Senior Dejting<\/a><\/li><\/ul><\/div>\r\n\t\t\r\n\t\t<div class=\"wppsac-post-short-content\">\r\n\t\t\t<div class=\"wppsac-item-meta bottom\">\r\n\t\t\t  \t<h2 class=\"wppsac-post-title\">\r\n\t\t\t\t\t<a href=\"https:\/\/datingnerdz.com\/sv\/tecken-pa-att-forsta-dejten-gick-daligt\/\">6 Tecken p\u00e5 att din dejt gick riktigt d\u00e5ligt<\/a>\r\n\t\t\t\t<\/h2>\r\n\r\n\t\t\t\t\t\t\t\t<div class=\"wppsac-post-date\">\r\n\t\t\t\t\t \r\n\t\t\t\t\t<span>By nerds8679<\/span>\r\n\t\t\t\t\t \/ oktober 5, 2019\t\t\t\t<\/div>\r\n\t\t\t\t\t\t\t\t<div class=\"wppsac-post-content\">\r\n\t\t\t\t\t<div class=\"wppsac-sub-content\">S\u00e5 du har \u00e4ntligen hittat n\u00e5gon att g\u00e5 p\u00e5 en f\u00f6rsta dejt med! Det \u00e4r bra - f\u00f6rhoppningsvis \u00e4r du...<\/div>\r\n\r\n\t\t\t\t\t\t\t\t\t\t<a class=\"wppsac-readmorebtn\" href=\"https:\/\/datingnerdz.com\/sv\/tecken-pa-att-forsta-dejten-gick-daligt\/\">Read More<\/a>\r\n\t\t\t\t\t\t\t\t\t<\/div>\r\n\t\t\t\t\t\t\t<\/div>\r\n\t\t<\/div>\r\n\t<\/div>\r\n<\/div><div class=\"wppsac-post-slides\">\r\n\t<div class=\"wppsac-post-overlay\">\r\n\t\t<div class=\"wppsac-post-image-bg\">\r\n\t\t\t<a href=\"https:\/\/datingnerdz.com\/sv\/var-man-traffar-aldre-kvinnor\/\">\r\n\t\t\t\t\t\t\t<\/a>\r\n\t\t<\/div>\r\n\r\n\t\t\t\t<div class=\"wppsac-post-categories\"><ul class=\"wppsac-post-categories-list\"><li><a href=\"https:\/\/datingnerdz.com\/sv\/man-sv\/\">Man<\/a><\/li><li><a href=\"https:\/\/datingnerdz.com\/sv\/senior-dejting\/\">Senior Dejting<\/a><\/li><li><a href=\"https:\/\/datingnerdz.com\/sv\/sex-relation\/\">Sex &amp; Relation<\/a><\/li><\/ul><\/div>\r\n\t\t\r\n\t\t<div class=\"wppsac-post-short-content\">\r\n\t\t\t<div class=\"wppsac-item-meta bottom\">\r\n\t\t\t  \t<h2 class=\"wppsac-post-title\">\r\n\t\t\t\t\t<a href=\"https:\/\/datingnerdz.com\/sv\/var-man-traffar-aldre-kvinnor\/\">8 B\u00e4sta Platserna Att Tr\u00e4ffa \u00c4ldre Kvinnor P\u00e5 &#8211; (H\u00e4r \u00c4r De)<\/a>\r\n\t\t\t\t<\/h2>\r\n\r\n\t\t\t\t\t\t\t\t<div class=\"wppsac-post-date\">\r\n\t\t\t\t\t \r\n\t\t\t\t\t<span>By nerds8679<\/span>\r\n\t\t\t\t\t \/ oktober 3, 2019\t\t\t\t<\/div>\r\n\t\t\t\t\t\t\t\t<div class=\"wppsac-post-content\">\r\n\t\t\t\t\t<div class=\"wppsac-sub-content\">Vill du tr\u00e4ffa en \u00e4ldre kvinna? Oavsett om du \u00e4r en \u00e4ldre man eller en dam eller en yngre person...<\/div>\r\n\r\n\t\t\t\t\t\t\t\t\t\t<a class=\"wppsac-readmorebtn\" href=\"https:\/\/datingnerdz.com\/sv\/var-man-traffar-aldre-kvinnor\/\">Read More<\/a>\r\n\t\t\t\t\t\t\t\t\t<\/div>\r\n\t\t\t\t\t\t\t<\/div>\r\n\t\t<\/div>\r\n\t<\/div>\r\n<\/div>\t\t\t<\/div>\r\n\t\t<\/div>\r\n\t\n<p>&nbsp;<\/p>\n<div class=\"home_post_static\"><img width=\"1000\" height=\"350\" loading=\"lazy\" decoding=\"async\" class=\"alignnone wp-post-33 wp-image-73\" src=\"https:\/\/res.cloudinary.com\/dn436c8hc\/images\/w_1000,h_350,c_scale\/f_auto,q_auto\/v1513613464\/love_lab_datingnerdz_vh73lo\/love_lab_datingnerdz_vh73lo.jpg?_i=AA\" data-public-id=\"love_lab_datingnerdz_vh73lo.jpg\" data-format=\"jpg\" data-transformations=\"f_auto,q_auto\" data-version=\"1513613464\" \/><\/div>\n<div class=\"home_post_static\"><\/div>\n<div class=\"home_post_static\"><\/div>\n<div class=\"home_post_static\">\n<div class=\"clear\">[shortcode_toptenlist]<\/div>\n<\/div>\n","protected":false},"excerpt":{"rendered":"<p>V\u00e4lkommen till Datingnerdz &nbsp; [shortcode_toptenlist]<\/p>\n","protected":false},"author":1,"featured_media":0,"parent":0,"menu_order":0,"comment_status":"closed","ping_status":"closed","template":"","meta":{"_cloudinary_featured_overwrite":false,"footnotes":""},"class_list":["post-33","page","type-page","status-publish","hentry"],"yoast_head":"<!-- This site is optimized with the Yoast SEO plugin v26.9 - https:\/\/yoast.com\/product\/yoast-seo-wordpress\/ -->\n<title>Hem - datingnerdz<\/title>\n<meta name=\"robots\" content=\"index, follow, max-snippet:-1, max-image-preview:large, max-video-preview:-1\" \/>\n<link rel=\"canonical\" href=\"https:\/\/datingnerdz.com\/sv\/amp\/home\/\" \/>\n<meta property=\"og:locale\" content=\"sv_SE\" \/>\n<meta property=\"og:type\" content=\"article\" \/>\n<meta property=\"og:title\" content=\"Hem - datingnerdz\" \/>\n<meta property=\"og:description\" content=\"V\u00e4lkommen till Datingnerdz &nbsp; [shortcode_toptenlist]\" \/>\n<meta property=\"og:url\" content=\"https:\/\/datingnerdz.com\/sv\/amp\/home\/\" \/>\n<meta property=\"og:site_name\" content=\"datingnerdz\" \/>\n<meta property=\"article:modified_time\" content=\"2018-03-23T11:55:46+00:00\" \/>\n<meta property=\"og:image\" content=\"https:\/\/res.cloudinary.com\/dn436c8hc\/image\/upload\/v1513613464\/love_lab_datingnerdz_vh73lo.jpg\" \/>\n<meta name=\"twitter:card\" content=\"summary_large_image\" \/>\n<script type=\"application\/ld+json\" class=\"yoast-schema-graph\">{\"@context\":\"https:\/\/schema.org\",\"@graph\":[{\"@type\":\"WebPage\",\"@id\":\"https:\/\/datingnerdz.com\/sv\/amp\/home\/\",\"url\":\"https:\/\/datingnerdz.com\/sv\/amp\/home\/\",\"name\":\"Hem - datingnerdz\",\"isPartOf\":{\"@id\":\"https:\/\/datingnerdz.com\/#website\"},\"primaryImageOfPage\":{\"@id\":\"https:\/\/datingnerdz.com\/sv\/amp\/home\/#primaryimage\"},\"image\":{\"@id\":\"https:\/\/datingnerdz.com\/sv\/amp\/home\/#primaryimage\"},\"thumbnailUrl\":\"https:\/\/res.cloudinary.com\/dn436c8hc\/image\/upload\/v1513613464\/love_lab_datingnerdz_vh73lo.jpg\",\"datePublished\":\"2017-12-04T05:38:31+00:00\",\"dateModified\":\"2018-03-23T11:55:46+00:00\",\"breadcrumb\":{\"@id\":\"https:\/\/datingnerdz.com\/sv\/amp\/home\/#breadcrumb\"},\"inLanguage\":\"sv-SE\",\"potentialAction\":[{\"@type\":\"ReadAction\",\"target\":[\"https:\/\/datingnerdz.com\/sv\/amp\/home\/\"]}]},{\"@type\":\"ImageObject\",\"inLanguage\":\"sv-SE\",\"@id\":\"https:\/\/datingnerdz.com\/sv\/amp\/home\/#primaryimage\",\"url\":\"https:\/\/res.cloudinary.com\/dn436c8hc\/image\/upload\/v1513613464\/love_lab_datingnerdz_vh73lo.jpg\",\"contentUrl\":\"https:\/\/res.cloudinary.com\/dn436c8hc\/image\/upload\/v1513613464\/love_lab_datingnerdz_vh73lo.jpg\"},{\"@type\":\"BreadcrumbList\",\"@id\":\"https:\/\/datingnerdz.com\/sv\/amp\/home\/#breadcrumb\",\"itemListElement\":[{\"@type\":\"ListItem\",\"position\":1,\"name\":\"Home\",\"item\":\"https:\/\/datingnerdz.com\/\"},{\"@type\":\"ListItem\",\"position\":2,\"name\":\"Hem\"}]},{\"@type\":\"WebSite\",\"@id\":\"https:\/\/datingnerdz.com\/#website\",\"url\":\"https:\/\/datingnerdz.com\/\",\"name\":\"datingnerdz\",\"description\":\"datingnerdz\",\"potentialAction\":[{\"@type\":\"SearchAction\",\"target\":{\"@type\":\"EntryPoint\",\"urlTemplate\":\"https:\/\/datingnerdz.com\/?s={search_term_string}\"},\"query-input\":{\"@type\":\"PropertyValueSpecification\",\"valueRequired\":true,\"valueName\":\"search_term_string\"}}],\"inLanguage\":\"sv-SE\"}]}<\/script>\n<!-- \/ Yoast SEO plugin. -->","yoast_head_json":{"title":"Hem - datingnerdz","robots":{"index":"index","follow":"follow","max-snippet":"max-snippet:-1","max-image-preview":"max-image-preview:large","max-video-preview":"max-video-preview:-1"},"canonical":"https:\/\/datingnerdz.com\/sv\/amp\/home\/","og_locale":"sv_SE","og_type":"article","og_title":"Hem - datingnerdz","og_description":"V\u00e4lkommen till Datingnerdz &nbsp; [shortcode_toptenlist]","og_url":"https:\/\/datingnerdz.com\/sv\/amp\/home\/","og_site_name":"datingnerdz","article_modified_time":"2018-03-23T11:55:46+00:00","og_image":[{"url":"https:\/\/res.cloudinary.com\/dn436c8hc\/image\/upload\/v1513613464\/love_lab_datingnerdz_vh73lo.jpg","type":"","width":"","height":""}],"twitter_card":"summary_large_image","schema":{"@context":"https:\/\/schema.org","@graph":[{"@type":"WebPage","@id":"https:\/\/datingnerdz.com\/sv\/amp\/home\/","url":"https:\/\/datingnerdz.com\/sv\/amp\/home\/","name":"Hem - datingnerdz","isPartOf":{"@id":"https:\/\/datingnerdz.com\/#website"},"primaryImageOfPage":{"@id":"https:\/\/datingnerdz.com\/sv\/amp\/home\/#primaryimage"},"image":{"@id":"https:\/\/datingnerdz.com\/sv\/amp\/home\/#primaryimage"},"thumbnailUrl":"https:\/\/res.cloudinary.com\/dn436c8hc\/image\/upload\/v1513613464\/love_lab_datingnerdz_vh73lo.jpg","datePublished":"2017-12-04T05:38:31+00:00","dateModified":"2018-03-23T11:55:46+00:00","breadcrumb":{"@id":"https:\/\/datingnerdz.com\/sv\/amp\/home\/#breadcrumb"},"inLanguage":"sv-SE","potentialAction":[{"@type":"ReadAction","target":["https:\/\/datingnerdz.com\/sv\/amp\/home\/"]}]},{"@type":"ImageObject","inLanguage":"sv-SE","@id":"https:\/\/datingnerdz.com\/sv\/amp\/home\/#primaryimage","url":"https:\/\/res.cloudinary.com\/dn436c8hc\/image\/upload\/v1513613464\/love_lab_datingnerdz_vh73lo.jpg","contentUrl":"https:\/\/res.cloudinary.com\/dn436c8hc\/image\/upload\/v1513613464\/love_lab_datingnerdz_vh73lo.jpg"},{"@type":"BreadcrumbList","@id":"https:\/\/datingnerdz.com\/sv\/amp\/home\/#breadcrumb","itemListElement":[{"@type":"ListItem","position":1,"name":"Home","item":"https:\/\/datingnerdz.com\/"},{"@type":"ListItem","position":2,"name":"Hem"}]},{"@type":"WebSite","@id":"https:\/\/datingnerdz.com\/#website","url":"https:\/\/datingnerdz.com\/","name":"datingnerdz","description":"datingnerdz","potentialAction":[{"@type":"SearchAction","target":{"@type":"EntryPoint","urlTemplate":"https:\/\/datingnerdz.com\/?s={search_term_string}"},"query-input":{"@type":"PropertyValueSpecification","valueRequired":true,"valueName":"search_term_string"}}],"inLanguage":"sv-SE"}]}},"jetpack_sharing_enabled":true,"_links":{"self":[{"href":"https:\/\/datingnerdz.com\/sv\/wp-json\/wp\/v2\/pages\/33","targetHints":{"allow":["GET"]}}],"collection":[{"href":"https:\/\/datingnerdz.com\/sv\/wp-json\/wp\/v2\/pages"}],"about":[{"href":"https:\/\/datingnerdz.com\/sv\/wp-json\/wp\/v2\/types\/page"}],"author":[{"embeddable":true,"href":"https:\/\/datingnerdz.com\/sv\/wp-json\/wp\/v2\/users\/1"}],"replies":[{"embeddable":true,"href":"https:\/\/datingnerdz.com\/sv\/wp-json\/wp\/v2\/comments?post=33"}],"version-history":[{"count":5,"href":"https:\/\/datingnerdz.com\/sv\/wp-json\/wp\/v2\/pages\/33\/revisions"}],"predecessor-version":[{"id":682,"href":"https:\/\/datingnerdz.com\/sv\/wp-json\/wp\/v2\/pages\/33\/revisions\/682"}],"wp:attachment":[{"href":"https:\/\/datingnerdz.com\/sv\/wp-json\/wp\/v2\/media?parent=33"}],"curies":[{"name":"wp","href":"https:\/\/api.w.org\/{rel}","templated":true}]}}