{"id":29,"date":"2017-12-04T05:31:48","date_gmt":"2017-12-04T05:31:48","guid":{"rendered":"http:\/\/datingnerdz.com\/?page_id=29"},"modified":"2018-03-23T11:56:29","modified_gmt":"2018-03-23T11:56:29","slug":"home","status":"publish","type":"page","link":"https:\/\/datingnerdz.com\/fi\/home\/","title":{"rendered":"Home"},"content":{"rendered":"<p>Tervetuloa Datingnerdz<\/p>\n\t\t<div class=\"wppsac-wrap wppsac-slick-slider-wrp wppsac-clearfix \" data-conf=\"{&quot;dots&quot;:&quot;true&quot;,&quot;arrows&quot;:&quot;true&quot;,&quot;autoplay&quot;:&quot;true&quot;,&quot;autoplay_interval&quot;:3000,&quot;speed&quot;:500,&quot;rtl&quot;:&quot;false&quot;,&quot;lazyload&quot;:&quot;&quot;}\">\r\n\t\t\t<div id=\"wppsac-post-slider-1\" class=\"wppsac-post-slider-init wppsac-post-slider design-3\">\r\n\t\t\t\t<div class=\"wppsac-post-slides\">\r\n\t<div class=\"wppsac-post-overlay\">\r\n\t\t<div class=\"wppsac-post-image-bg\">\r\n\t\t\t<a href=\"https:\/\/datingnerdz.com\/fi\/missa-tavata-sinkkuja\/\">\r\n\t\t\t\t\t\t\t<\/a>\r\n\t\t<\/div>\r\n\r\n\t\t\t\t<div class=\"wppsac-post-categories\"><ul class=\"wppsac-post-categories-list\"><li><a href=\"https:\/\/datingnerdz.com\/fi\/uncategorized-fi\/\">Uncategorized @fi<\/a><\/li><\/ul><\/div>\r\n\t\t\r\n\t\t<div class=\"wppsac-post-short-content\">\r\n\t\t\t<div class=\"wppsac-item-meta bottom\">\r\n\t\t\t  \t<h2 class=\"wppsac-post-title\">\r\n\t\t\t\t\t<a href=\"https:\/\/datingnerdz.com\/fi\/missa-tavata-sinkkuja\/\">Miss\u00e4 tavata sinkkuja? Katso listalta 16 parasta paikkaa!<\/a>\r\n\t\t\t\t<\/h2>\r\n\r\n\t\t\t\t\t\t\t\t<div class=\"wppsac-post-date\">\r\n\t\t\t\t\t \r\n\t\t\t\t\t<span>By nerds8679<\/span>\r\n\t\t\t\t\t \/ 12 elokuun, 2019\t\t\t\t<\/div>\r\n\t\t\t\t\t\t\t\t<div class=\"wppsac-post-content\">\r\n\t\t\t\t\t<div class=\"wppsac-sub-content\">Oletko sinkku? Haluatko tavata muita sinkkuja? Oletko kyll\u00e4stynyt tuntemaan itsesi kolmanneksi py\u00f6r\u00e4ksi seurustelevien yst\u00e4viesi kanssa? Siin\u00e4 tapauksessa sinun tulee tiet\u00e4\u00e4,...<\/div>\r\n\r\n\t\t\t\t\t\t\t\t\t\t<a class=\"wppsac-readmorebtn\" href=\"https:\/\/datingnerdz.com\/fi\/missa-tavata-sinkkuja\/\">Read More<\/a>\r\n\t\t\t\t\t\t\t\t\t<\/div>\r\n\t\t\t\t\t\t\t<\/div>\r\n\t\t<\/div>\r\n\t<\/div>\r\n<\/div><div class=\"wppsac-post-slides\">\r\n\t<div class=\"wppsac-post-overlay\">\r\n\t\t<div class=\"wppsac-post-image-bg\">\r\n\t\t\t<a href=\"https:\/\/datingnerdz.com\/fi\/missa-tapaa-rikkaita-miehia\/\">\r\n\t\t\t\t\t\t\t<\/a>\r\n\t\t<\/div>\r\n\r\n\t\t\t\t<div class=\"wppsac-post-categories\"><ul class=\"wppsac-post-categories-list\"><li><a href=\"https:\/\/datingnerdz.com\/fi\/uncategorized-fi\/\">Uncategorized @fi<\/a><\/li><\/ul><\/div>\r\n\t\t\r\n\t\t<div class=\"wppsac-post-short-content\">\r\n\t\t\t<div class=\"wppsac-item-meta bottom\">\r\n\t\t\t  \t<h2 class=\"wppsac-post-title\">\r\n\t\t\t\t\t<a href=\"https:\/\/datingnerdz.com\/fi\/missa-tapaa-rikkaita-miehia\/\">Miss\u00e4 tapaa rikkaita miehi\u00e4? Katso listalta 16 parasta paikkaa!<\/a>\r\n\t\t\t\t<\/h2>\r\n\r\n\t\t\t\t\t\t\t\t<div class=\"wppsac-post-date\">\r\n\t\t\t\t\t \r\n\t\t\t\t\t<span>By nerds8679<\/span>\r\n\t\t\t\t\t \/ 9 elokuun, 2019\t\t\t\t<\/div>\r\n\t\t\t\t\t\t\t\t<div class=\"wppsac-post-content\">\r\n\t\t\t\t\t<div class=\"wppsac-sub-content\">Toisinaan rakkautta etsiess\u00e4 vaatimukset eiv\u00e4t ole liian tarkkoja. On kuitenkin olemassa my\u00f6s naisia, jotka mets\u00e4st\u00e4v\u00e4t itselleen tietyn tyyppist\u00e4 seuraa: rikkaita...<\/div>\r\n\r\n\t\t\t\t\t\t\t\t\t\t<a class=\"wppsac-readmorebtn\" href=\"https:\/\/datingnerdz.com\/fi\/missa-tapaa-rikkaita-miehia\/\">Read More<\/a>\r\n\t\t\t\t\t\t\t\t\t<\/div>\r\n\t\t\t\t\t\t\t<\/div>\r\n\t\t<\/div>\r\n\t<\/div>\r\n<\/div><div class=\"wppsac-post-slides\">\r\n\t<div class=\"wppsac-post-overlay\">\r\n\t\t<div class=\"wppsac-post-image-bg\">\r\n\t\t\t<a href=\"https:\/\/datingnerdz.com\/fi\/missa-tavata-hyva-mies\/\">\r\n\t\t\t\t\t\t\t<\/a>\r\n\t\t<\/div>\r\n\r\n\t\t\t\t<div class=\"wppsac-post-categories\"><ul class=\"wppsac-post-categories-list\"><li><a href=\"https:\/\/datingnerdz.com\/fi\/uncategorized-fi\/\">Uncategorized @fi<\/a><\/li><\/ul><\/div>\r\n\t\t\r\n\t\t<div class=\"wppsac-post-short-content\">\r\n\t\t\t<div class=\"wppsac-item-meta bottom\">\r\n\t\t\t  \t<h2 class=\"wppsac-post-title\">\r\n\t\t\t\t\t<a href=\"https:\/\/datingnerdz.com\/fi\/missa-tavata-hyva-mies\/\">Miss\u00e4 tavata hyv\u00e4 mies? 16 eri paikkaa<\/a>\r\n\t\t\t\t<\/h2>\r\n\r\n\t\t\t\t\t\t\t\t<div class=\"wppsac-post-date\">\r\n\t\t\t\t\t \r\n\t\t\t\t\t<span>By nerds8679<\/span>\r\n\t\t\t\t\t \/ 9 elokuun, 2019\t\t\t\t<\/div>\r\n\t\t\t\t\t\t\t\t<div class=\"wppsac-post-content\">\r\n\t\t\t\t\t<div class=\"wppsac-sub-content\">Olet varmasti kuullut sanonnan \u201ckaikki hyv\u00e4t miehet ovat varattuja\u201d. Mutta t\u00e4m\u00e4 ei pid\u00e4 paikkaansa! Maailma on t\u00e4ynn\u00e4 hyvi\u00e4 miehi\u00e4, mutta...<\/div>\r\n\r\n\t\t\t\t\t\t\t\t\t\t<a class=\"wppsac-readmorebtn\" href=\"https:\/\/datingnerdz.com\/fi\/missa-tavata-hyva-mies\/\">Read More<\/a>\r\n\t\t\t\t\t\t\t\t\t<\/div>\r\n\t\t\t\t\t\t\t<\/div>\r\n\t\t<\/div>\r\n\t<\/div>\r\n<\/div><div class=\"wppsac-post-slides\">\r\n\t<div class=\"wppsac-post-overlay\">\r\n\t\t<div class=\"wppsac-post-image-bg\">\r\n\t\t\t<a href=\"https:\/\/datingnerdz.com\/fi\/halvat-treffi-ideat-ensitreffeille\/\">\r\n\t\t\t\t\t\t\t<\/a>\r\n\t\t<\/div>\r\n\r\n\t\t\t\t<div class=\"wppsac-post-categories\"><ul class=\"wppsac-post-categories-list\"><li><a href=\"https:\/\/datingnerdz.com\/fi\/uncategorized-fi\/\">Uncategorized @fi<\/a><\/li><\/ul><\/div>\r\n\t\t\r\n\t\t<div class=\"wppsac-post-short-content\">\r\n\t\t\t<div class=\"wppsac-item-meta bottom\">\r\n\t\t\t  \t<h2 class=\"wppsac-post-title\">\r\n\t\t\t\t\t<a href=\"https:\/\/datingnerdz.com\/fi\/halvat-treffi-ideat-ensitreffeille\/\">15 Halpaa treffi-ideaa (S\u00e4\u00e4st\u00e4 rahaa, kun tapailet tytt\u00f6\u00e4)<\/a>\r\n\t\t\t\t<\/h2>\r\n\r\n\t\t\t\t\t\t\t\t<div class=\"wppsac-post-date\">\r\n\t\t\t\t\t \r\n\t\t\t\t\t<span>By nerds8679<\/span>\r\n\t\t\t\t\t \/ 30 huhtikuun, 2019\t\t\t\t<\/div>\r\n\t\t\t\t\t\t\t\t<div class=\"wppsac-post-content\">\r\n\t\t\t\t\t<div class=\"wppsac-sub-content\">Etsitk\u00f6 ensitreffeille ideoita, jotka eiv\u00e4t sy\u00f6 liikaa kukkaroa? Haluatko tehd\u00e4 vaikutuksen kumppaniisi, mutta sinulla ei ole riitt\u00e4v\u00e4sti p\u00e4t\u00e4kk\u00e4\u00e4? Yrit\u00e4tk\u00f6 viel\u00e4kin...<\/div>\r\n\r\n\t\t\t\t\t\t\t\t\t\t<a class=\"wppsac-readmorebtn\" href=\"https:\/\/datingnerdz.com\/fi\/halvat-treffi-ideat-ensitreffeille\/\">Read More<\/a>\r\n\t\t\t\t\t\t\t\t\t<\/div>\r\n\t\t\t\t\t\t\t<\/div>\r\n\t\t<\/div>\r\n\t<\/div>\r\n<\/div><div class=\"wppsac-post-slides\">\r\n\t<div class=\"wppsac-post-overlay\">\r\n\t\t<div class=\"wppsac-post-image-bg\">\r\n\t\t\t<a href=\"https:\/\/datingnerdz.com\/fi\/paras-tapa-tavata-joku\/\">\r\n\t\t\t\t\t\t\t<\/a>\r\n\t\t<\/div>\r\n\r\n\t\t\t\t<div class=\"wppsac-post-categories\"><ul class=\"wppsac-post-categories-list\"><li><a href=\"https:\/\/datingnerdz.com\/fi\/uncategorized-fi\/\">Uncategorized @fi<\/a><\/li><\/ul><\/div>\r\n\t\t\r\n\t\t<div class=\"wppsac-post-short-content\">\r\n\t\t\t<div class=\"wppsac-item-meta bottom\">\r\n\t\t\t  \t<h2 class=\"wppsac-post-title\">\r\n\t\t\t\t\t<a href=\"https:\/\/datingnerdz.com\/fi\/paras-tapa-tavata-joku\/\">Mik\u00e4 on paras tapa tavata joku &#8211; Seuraa n\u00e4it\u00e4 yksinkertaisia vinkkej\u00e4!<\/a>\r\n\t\t\t\t<\/h2>\r\n\r\n\t\t\t\t\t\t\t\t<div class=\"wppsac-post-date\">\r\n\t\t\t\t\t \r\n\t\t\t\t\t<span>By nerds8679<\/span>\r\n\t\t\t\t\t \/ 3 huhtikuun, 2019\t\t\t\t<\/div>\r\n\t\t\t\t\t\t\t\t<div class=\"wppsac-post-content\">\r\n\t\t\t\t\t<div class=\"wppsac-sub-content\">Harkitsetko paluuta takaisin deittailun pariin eron, avioeron tai rakkaimpasi menetyksen j\u00e4lkeen? Etk\u00f6 ole yrityksist\u00e4 huolimatta onnistunut l\u00f6yt\u00e4m\u00e4\u00e4n sit\u00e4 yht\u00e4, joka...<\/div>\r\n\r\n\t\t\t\t\t\t\t\t\t\t<a class=\"wppsac-readmorebtn\" href=\"https:\/\/datingnerdz.com\/fi\/paras-tapa-tavata-joku\/\">Read More<\/a>\r\n\t\t\t\t\t\t\t\t\t<\/div>\r\n\t\t\t\t\t\t\t<\/div>\r\n\t\t<\/div>\r\n\t<\/div>\r\n<\/div><div class=\"wppsac-post-slides\">\r\n\t<div class=\"wppsac-post-overlay\">\r\n\t\t<div class=\"wppsac-post-image-bg\">\r\n\t\t\t<a href=\"https:\/\/datingnerdz.com\/fi\/lopeta-suhde\/\">\r\n\t\t\t\t\t\t\t\t<img width=\"1600\" height=\"1200\" decoding=\"async\" class=\"wppsac-post-image wp-image-1149\" src=\"https:\/\/res.cloudinary.com\/dn436c8hc\/images\/w_1600,h_1200,c_scale\/f_auto,q_auto\/v1586204666\/end-relationship\/end-relationship.jpg?_i=AA\" alt=\"Miten lopettaa suhde? Lue t\u00e4m\u00e4 opas!\" data-public-id=\"end-relationship.jpg\" data-format=\"jpg\" data-transformations=\"f_auto,q_auto\" data-version=\"1586204666\" srcset=\"https:\/\/res.cloudinary.com\/dn436c8hc\/images\/f_auto,q_auto\/v1586204666\/end-relationship\/end-relationship.jpg?_i=AA 1600w, https:\/\/res.cloudinary.com\/dn436c8hc\/images\/w_380,h_285,c_scale\/f_auto,q_auto\/v1586204666\/end-relationship\/end-relationship.jpg?_i=AA 380w, https:\/\/res.cloudinary.com\/dn436c8hc\/images\/w_768,h_576,c_scale\/f_auto,q_auto\/v1586204666\/end-relationship\/end-relationship.jpg?_i=AA 768w, https:\/\/res.cloudinary.com\/dn436c8hc\/images\/w_1024,h_768,c_scale\/f_auto,q_auto\/v1586204666\/end-relationship\/end-relationship.jpg?_i=AA 1024w, https:\/\/res.cloudinary.com\/dn436c8hc\/images\/w_86,h_64,c_scale\/f_auto,q_auto\/v1586204666\/end-relationship\/end-relationship.jpg?_i=AA 86w, https:\/\/res.cloudinary.com\/dn436c8hc\/images\/w_750,h_563,c_scale\/f_auto,q_auto\/v1586204666\/end-relationship\/end-relationship.jpg?_i=AA 750w, https:\/\/res.cloudinary.com\/dn436c8hc\/images\/w_320,h_240,c_scale\/f_auto,q_auto\/v1586204666\/end-relationship\/end-relationship.jpg?_i=AA 320w\" sizes=\"(max-width: 1600px) 100vw, 1600px\" \/>\r\n\t\t\t\t\t\t\t<\/a>\r\n\t\t<\/div>\r\n\r\n\t\t\t\t<div class=\"wppsac-post-categories\"><ul class=\"wppsac-post-categories-list\"><li><a href=\"https:\/\/datingnerdz.com\/fi\/uncategorized-fi\/\">Uncategorized @fi<\/a><\/li><\/ul><\/div>\r\n\t\t\r\n\t\t<div class=\"wppsac-post-short-content\">\r\n\t\t\t<div class=\"wppsac-item-meta bottom\">\r\n\t\t\t  \t<h2 class=\"wppsac-post-title\">\r\n\t\t\t\t\t<a href=\"https:\/\/datingnerdz.com\/fi\/lopeta-suhde\/\">Miten lopettaa suhde? Lue t\u00e4m\u00e4 opas!<\/a>\r\n\t\t\t\t<\/h2>\r\n\r\n\t\t\t\t\t\t\t\t<div class=\"wppsac-post-date\">\r\n\t\t\t\t\t \r\n\t\t\t\t\t<span>By nerds8679<\/span>\r\n\t\t\t\t\t \/ 26 helmikuun, 2019\t\t\t\t<\/div>\r\n\t\t\t\t\t\t\t\t<div class=\"wppsac-post-content\">\r\n\t\t\t\t\t<div class=\"wppsac-sub-content\">Etk\u00f6 rakasta en\u00e4\u00e4 kumppaniasi samalla tavalla kuin ennen, ja uskot ett\u00e4 on aika lopettaa suhde? Oletko arvioinut suhdettanne kaikista n\u00e4k\u00f6kulmista,...<\/div>\r\n\r\n\t\t\t\t\t\t\t\t\t\t<a class=\"wppsac-readmorebtn\" href=\"https:\/\/datingnerdz.com\/fi\/lopeta-suhde\/\">Read More<\/a>\r\n\t\t\t\t\t\t\t\t\t<\/div>\r\n\t\t\t\t\t\t\t<\/div>\r\n\t\t<\/div>\r\n\t<\/div>\r\n<\/div><div class=\"wppsac-post-slides\">\r\n\t<div class=\"wppsac-post-overlay\">\r\n\t\t<div class=\"wppsac-post-image-bg\">\r\n\t\t\t<a href=\"https:\/\/datingnerdz.com\/fi\/paase-yli-erosta\/\">\r\n\t\t\t\t\t\t\t\t<img width=\"1600\" height=\"1068\" decoding=\"async\" class=\"wppsac-post-image wp-image-1142\" src=\"https:\/\/res.cloudinary.com\/dn436c8hc\/images\/w_1600,h_1068,c_scale\/f_auto,q_auto\/v1586204667\/get-over-relationship\/get-over-relationship.jpg?_i=AA\" alt=\"Miten p\u00e4\u00e4st\u00e4 yli erosta \u2013 Lue n\u00e4m\u00e4 vinkit!\" data-public-id=\"get-over-relationship.jpg\" data-format=\"jpg\" data-transformations=\"f_auto,q_auto\" data-version=\"1586204667\" srcset=\"https:\/\/res.cloudinary.com\/dn436c8hc\/images\/f_auto,q_auto\/v1586204667\/get-over-relationship\/get-over-relationship.jpg?_i=AA 1600w, https:\/\/res.cloudinary.com\/dn436c8hc\/images\/w_427,h_285,c_scale\/f_auto,q_auto\/v1586204667\/get-over-relationship\/get-over-relationship.jpg?_i=AA 427w, https:\/\/res.cloudinary.com\/dn436c8hc\/images\/w_768,h_513,c_scale\/f_auto,q_auto\/v1586204667\/get-over-relationship\/get-over-relationship.jpg?_i=AA 768w, https:\/\/res.cloudinary.com\/dn436c8hc\/images\/w_1024,h_684,c_scale\/f_auto,q_auto\/v1586204667\/get-over-relationship\/get-over-relationship.jpg?_i=AA 1024w, https:\/\/res.cloudinary.com\/dn436c8hc\/images\/w_450,h_300,c_scale\/f_auto,q_auto\/v1586204667\/get-over-relationship\/get-over-relationship.jpg?_i=AA 450w, https:\/\/res.cloudinary.com\/dn436c8hc\/images\/w_750,h_501,c_scale\/f_auto,q_auto\/v1586204667\/get-over-relationship\/get-over-relationship.jpg?_i=AA 750w\" sizes=\"(max-width: 1600px) 100vw, 1600px\" \/>\r\n\t\t\t\t\t\t\t<\/a>\r\n\t\t<\/div>\r\n\r\n\t\t\t\t<div class=\"wppsac-post-categories\"><ul class=\"wppsac-post-categories-list\"><li><a href=\"https:\/\/datingnerdz.com\/fi\/uncategorized-fi\/\">Uncategorized @fi<\/a><\/li><\/ul><\/div>\r\n\t\t\r\n\t\t<div class=\"wppsac-post-short-content\">\r\n\t\t\t<div class=\"wppsac-item-meta bottom\">\r\n\t\t\t  \t<h2 class=\"wppsac-post-title\">\r\n\t\t\t\t\t<a href=\"https:\/\/datingnerdz.com\/fi\/paase-yli-erosta\/\">Miten p\u00e4\u00e4st\u00e4 yli erosta \u2013 Lue n\u00e4m\u00e4 vinkit!<\/a>\r\n\t\t\t\t<\/h2>\r\n\r\n\t\t\t\t\t\t\t\t<div class=\"wppsac-post-date\">\r\n\t\t\t\t\t \r\n\t\t\t\t\t<span>By nerds8679<\/span>\r\n\t\t\t\t\t \/ 25 helmikuun, 2019\t\t\t\t<\/div>\r\n\t\t\t\t\t\t\t\t<div class=\"wppsac-post-content\">\r\n\t\t\t\t\t<div class=\"wppsac-sub-content\">Oletko uupunut ja henkisesti loppu eron j\u00e4lkeen? Ajatteletko eks\u00e4\u00e4si edelleen, etk\u00e4 selviydy tunnekuohujen kanssa? Koetko olevasi jumissa p\u00e4\u00e4ttyneess\u00e4 parisuhteessa, etk\u00e4...<\/div>\r\n\r\n\t\t\t\t\t\t\t\t\t\t<a class=\"wppsac-readmorebtn\" href=\"https:\/\/datingnerdz.com\/fi\/paase-yli-erosta\/\">Read More<\/a>\r\n\t\t\t\t\t\t\t\t\t<\/div>\r\n\t\t\t\t\t\t\t<\/div>\r\n\t\t<\/div>\r\n\t<\/div>\r\n<\/div><div class=\"wppsac-post-slides\">\r\n\t<div class=\"wppsac-post-overlay\">\r\n\t\t<div class=\"wppsac-post-image-bg\">\r\n\t\t\t<a href=\"https:\/\/datingnerdz.com\/fi\/avoin-suhde\/\">\r\n\t\t\t\t\t\t\t\t<img width=\"680\" height=\"727\" decoding=\"async\" class=\"wppsac-post-image wp-image-1075 wp-image-844\" src=\"https:\/\/res.cloudinary.com\/dn436c8hc\/images\/w_680,h_727,c_scale\/f_auto,q_auto\/v1525350185\/open-relationship_epjiuc\/open-relationship_epjiuc.jpg?_i=AA\" alt=\"Kaikki, mit\u00e4 haluat tiet\u00e4\u00e4 avoimesta suhteesta\" data-public-id=\"open-relationship_epjiuc.jpg\" data-format=\"jpg\" data-transformations=\"f_auto,q_auto\" data-version=\"1525350185\" srcset=\"https:\/\/res.cloudinary.com\/dn436c8hc\/images\/f_auto,q_auto\/v1525350185\/open-relationship_epjiuc\/open-relationship_epjiuc.jpg?_i=AA 680w, https:\/\/res.cloudinary.com\/dn436c8hc\/images\/w_267,h_285,c_scale\/f_auto,q_auto\/v1525350185\/open-relationship_epjiuc\/open-relationship_epjiuc.jpg?_i=AA 267w\" sizes=\"(max-width: 680px) 100vw, 680px\" \/>\r\n\t\t\t\t\t\t\t<\/a>\r\n\t\t<\/div>\r\n\r\n\t\t\t\t<div class=\"wppsac-post-categories\"><ul class=\"wppsac-post-categories-list\"><li><a href=\"https:\/\/datingnerdz.com\/fi\/uncategorized-fi\/\">Uncategorized @fi<\/a><\/li><\/ul><\/div>\r\n\t\t\r\n\t\t<div class=\"wppsac-post-short-content\">\r\n\t\t\t<div class=\"wppsac-item-meta bottom\">\r\n\t\t\t  \t<h2 class=\"wppsac-post-title\">\r\n\t\t\t\t\t<a href=\"https:\/\/datingnerdz.com\/fi\/avoin-suhde\/\">Kaikki, mit\u00e4 haluat tiet\u00e4\u00e4 avoimesta suhteesta<\/a>\r\n\t\t\t\t<\/h2>\r\n\r\n\t\t\t\t\t\t\t\t<div class=\"wppsac-post-date\">\r\n\t\t\t\t\t \r\n\t\t\t\t\t<span>By nerds8679<\/span>\r\n\t\t\t\t\t \/ 25 helmikuun, 2019\t\t\t\t<\/div>\r\n\t\t\t\t\t\t\t\t<div class=\"wppsac-post-content\">\r\n\t\t\t\t\t<div class=\"wppsac-sub-content\">Onko sinulla vaikeuksia pysy\u00e4 vain yhdess\u00e4 rakastajassa tai kumppanissa? Kuulutko niiden henkil\u00f6iden joukkoon, jotka miettiv\u00e4t miksi yhteiskunta olettaa meid\u00e4n jakavan...<\/div>\r\n\r\n\t\t\t\t\t\t\t\t\t\t<a class=\"wppsac-readmorebtn\" href=\"https:\/\/datingnerdz.com\/fi\/avoin-suhde\/\">Read More<\/a>\r\n\t\t\t\t\t\t\t\t\t<\/div>\r\n\t\t\t\t\t\t\t<\/div>\r\n\t\t<\/div>\r\n\t<\/div>\r\n<\/div><div class=\"wppsac-post-slides\">\r\n\t<div class=\"wppsac-post-overlay\">\r\n\t\t<div class=\"wppsac-post-image-bg\">\r\n\t\t\t<a href=\"https:\/\/datingnerdz.com\/fi\/miten-tehda-vaikutus-mieheen\/\">\r\n\t\t\t\t\t\t\t\t<img width=\"680\" height=\"708\" decoding=\"async\" class=\"wppsac-post-image wp-image-1268\" src=\"https:\/\/res.cloudinary.com\/dn436c8hc\/images\/w_680,h_708,c_scale\/f_auto,q_auto\/v1586204304\/strong_girl_lifting_heavy_pchdnb1\/strong_girl_lifting_heavy_pchdnb1.jpg?_i=AA\" alt=\"16 yksinkertaista tapaa tehd\u00e4 vaikutus mieheen\" data-public-id=\"strong_girl_lifting_heavy_pchdnb1.jpg\" data-format=\"jpg\" data-transformations=\"f_auto,q_auto\" data-version=\"1586204304\" srcset=\"https:\/\/res.cloudinary.com\/dn436c8hc\/images\/f_auto,q_auto\/v1586204304\/strong_girl_lifting_heavy_pchdnb1\/strong_girl_lifting_heavy_pchdnb1.jpg?_i=AA 680w, https:\/\/res.cloudinary.com\/dn436c8hc\/images\/w_274,h_285,c_scale\/f_auto,q_auto\/v1586204304\/strong_girl_lifting_heavy_pchdnb1\/strong_girl_lifting_heavy_pchdnb1.jpg?_i=AA 274w\" sizes=\"(max-width: 680px) 100vw, 680px\" \/>\r\n\t\t\t\t\t\t\t<\/a>\r\n\t\t<\/div>\r\n\r\n\t\t\t\t<div class=\"wppsac-post-categories\"><ul class=\"wppsac-post-categories-list\"><li><a href=\"https:\/\/datingnerdz.com\/fi\/uncategorized-fi\/\">Uncategorized @fi<\/a><\/li><\/ul><\/div>\r\n\t\t\r\n\t\t<div class=\"wppsac-post-short-content\">\r\n\t\t\t<div class=\"wppsac-item-meta bottom\">\r\n\t\t\t  \t<h2 class=\"wppsac-post-title\">\r\n\t\t\t\t\t<a href=\"https:\/\/datingnerdz.com\/fi\/miten-tehda-vaikutus-mieheen\/\">16 yksinkertaista tapaa tehd\u00e4 vaikutus mieheen<\/a>\r\n\t\t\t\t<\/h2>\r\n\r\n\t\t\t\t\t\t\t\t<div class=\"wppsac-post-date\">\r\n\t\t\t\t\t \r\n\t\t\t\t\t<span>By nerds8679<\/span>\r\n\t\t\t\t\t \/ 23 helmikuun, 2019\t\t\t\t<\/div>\r\n\t\t\t\t\t\t\t\t<div class=\"wppsac-post-content\">\r\n\t\t\t\t\t<div class=\"wppsac-sub-content\">Onko sinua joskus h\u00e4irinnyt, miksi tietty tytt\u00f6 tuntuu kiinnostavan niin monia miehi\u00e4? Vai oletko tavannut joskus naisen, jonka ulkon\u00e4\u00f6ss\u00e4 ei...<\/div>\r\n\r\n\t\t\t\t\t\t\t\t\t\t<a class=\"wppsac-readmorebtn\" href=\"https:\/\/datingnerdz.com\/fi\/miten-tehda-vaikutus-mieheen\/\">Read More<\/a>\r\n\t\t\t\t\t\t\t\t\t<\/div>\r\n\t\t\t\t\t\t\t<\/div>\r\n\t\t<\/div>\r\n\t<\/div>\r\n<\/div><div class=\"wppsac-post-slides\">\r\n\t<div class=\"wppsac-post-overlay\">\r\n\t\t<div class=\"wppsac-post-image-bg\">\r\n\t\t\t<a href=\"https:\/\/datingnerdz.com\/fi\/sailyta-miehen-kiinnostus\/\">\r\n\t\t\t\t\t\t\t\t<img width=\"680\" height=\"553\" decoding=\"async\" class=\"wppsac-post-image wp-image-1065\" src=\"https:\/\/res.cloudinary.com\/dn436c8hc\/images\/w_680,h_553,c_scale\/f_auto,q_auto\/v1522046340\/woman_huge_smal_man_k3cmjx\/woman_huge_smal_man_k3cmjx.jpg?_i=AA\" alt=\"15 Tapaa, miten voit s\u00e4ilytt\u00e4\u00e4 miehen kiinnostuksen\" data-public-id=\"woman_huge_smal_man_k3cmjx.jpg\" data-format=\"jpg\" data-transformations=\"f_auto,q_auto\" data-version=\"1522046340\" srcset=\"https:\/\/res.cloudinary.com\/dn436c8hc\/images\/f_auto,q_auto\/v1522046340\/woman_huge_smal_man_k3cmjx\/woman_huge_smal_man_k3cmjx.jpg?_i=AA 680w, https:\/\/res.cloudinary.com\/dn436c8hc\/images\/w_350,h_285,c_scale\/f_auto,q_auto\/v1522046340\/woman_huge_smal_man_k3cmjx\/woman_huge_smal_man_k3cmjx.jpg?_i=AA 350w\" sizes=\"(max-width: 680px) 100vw, 680px\" \/>\r\n\t\t\t\t\t\t\t<\/a>\r\n\t\t<\/div>\r\n\r\n\t\t\t\t<div class=\"wppsac-post-categories\"><ul class=\"wppsac-post-categories-list\"><li><a href=\"https:\/\/datingnerdz.com\/fi\/uncategorized-fi\/\">Uncategorized @fi<\/a><\/li><\/ul><\/div>\r\n\t\t\r\n\t\t<div class=\"wppsac-post-short-content\">\r\n\t\t\t<div class=\"wppsac-item-meta bottom\">\r\n\t\t\t  \t<h2 class=\"wppsac-post-title\">\r\n\t\t\t\t\t<a href=\"https:\/\/datingnerdz.com\/fi\/sailyta-miehen-kiinnostus\/\">15 Tapaa, miten voit s\u00e4ilytt\u00e4\u00e4 miehen kiinnostuksen<\/a>\r\n\t\t\t\t<\/h2>\r\n\r\n\t\t\t\t\t\t\t\t<div class=\"wppsac-post-date\">\r\n\t\t\t\t\t \r\n\t\t\t\t\t<span>By nerds8679<\/span>\r\n\t\t\t\t\t \/ 22 helmikuun, 2019\t\t\t\t<\/div>\r\n\t\t\t\t\t\t\t\t<div class=\"wppsac-post-content\">\r\n\t\t\t\t\t<div class=\"wppsac-sub-content\">Haaveiletko yhdess\u00e4 vanhenemisesta kumppanisi kanssa? Unelmoitko ihanasta parisuhteesta, joka on t\u00e4ynn\u00e4 hauskanpitoa ja iloa? N\u00e4m\u00e4 ovat asioita, joita jokainen rakastunut...<\/div>\r\n\r\n\t\t\t\t\t\t\t\t\t\t<a class=\"wppsac-readmorebtn\" href=\"https:\/\/datingnerdz.com\/fi\/sailyta-miehen-kiinnostus\/\">Read More<\/a>\r\n\t\t\t\t\t\t\t\t\t<\/div>\r\n\t\t\t\t\t\t\t<\/div>\r\n\t\t<\/div>\r\n\t<\/div>\r\n<\/div>\t\t\t<\/div>\r\n\t\t<\/div>\r\n\t\n<p>&nbsp;<\/p>\n<div class=\"home_post_static\"><\/div>\n<div class=\"home_post_static\"><\/div>\n<div class=\"home_post_static\"><\/div>\n<div class=\"home_post_static\">\n<div class=\"clear\">[shortcode_toptenlist]<\/div>\n<\/div>\n","protected":false},"excerpt":{"rendered":"<p>Tervetuloa Datingnerdz &nbsp; [shortcode_toptenlist]<\/p>\n","protected":false},"author":1,"featured_media":0,"parent":0,"menu_order":0,"comment_status":"closed","ping_status":"closed","template":"","meta":{"_cloudinary_featured_overwrite":false,"footnotes":""},"class_list":["post-29","page","type-page","status-publish","hentry"],"yoast_head":"<!-- This site is optimized with the Yoast SEO plugin v26.9 - https:\/\/yoast.com\/product\/yoast-seo-wordpress\/ -->\n<title>Home - datingnerdz<\/title>\n<meta name=\"robots\" content=\"index, follow, max-snippet:-1, max-image-preview:large, max-video-preview:-1\" \/>\n<link rel=\"canonical\" href=\"https:\/\/datingnerdz.com\/fi\/home\/\" \/>\n<meta property=\"og:locale\" content=\"fi_FI\" \/>\n<meta property=\"og:type\" content=\"article\" \/>\n<meta property=\"og:title\" content=\"Home - datingnerdz\" \/>\n<meta property=\"og:description\" content=\"Tervetuloa Datingnerdz &nbsp; [shortcode_toptenlist]\" \/>\n<meta property=\"og:url\" content=\"https:\/\/datingnerdz.com\/fi\/home\/\" \/>\n<meta property=\"og:site_name\" content=\"datingnerdz\" \/>\n<meta property=\"article:modified_time\" content=\"2018-03-23T11:56:29+00:00\" \/>\n<meta name=\"twitter:card\" content=\"summary_large_image\" \/>\n<script type=\"application\/ld+json\" class=\"yoast-schema-graph\">{\"@context\":\"https:\/\/schema.org\",\"@graph\":[{\"@type\":\"WebPage\",\"@id\":\"https:\/\/datingnerdz.com\/fi\/home\/\",\"url\":\"https:\/\/datingnerdz.com\/fi\/home\/\",\"name\":\"Home - datingnerdz\",\"isPartOf\":{\"@id\":\"https:\/\/datingnerdz.com\/#website\"},\"datePublished\":\"2017-12-04T05:31:48+00:00\",\"dateModified\":\"2018-03-23T11:56:29+00:00\",\"breadcrumb\":{\"@id\":\"https:\/\/datingnerdz.com\/fi\/home\/#breadcrumb\"},\"inLanguage\":\"fi\",\"potentialAction\":[{\"@type\":\"ReadAction\",\"target\":[\"https:\/\/datingnerdz.com\/fi\/home\/\"]}]},{\"@type\":\"BreadcrumbList\",\"@id\":\"https:\/\/datingnerdz.com\/fi\/home\/#breadcrumb\",\"itemListElement\":[{\"@type\":\"ListItem\",\"position\":1,\"name\":\"Home\",\"item\":\"https:\/\/datingnerdz.com\/\"},{\"@type\":\"ListItem\",\"position\":2,\"name\":\"Home\"}]},{\"@type\":\"WebSite\",\"@id\":\"https:\/\/datingnerdz.com\/#website\",\"url\":\"https:\/\/datingnerdz.com\/\",\"name\":\"datingnerdz\",\"description\":\"datingnerdz\",\"potentialAction\":[{\"@type\":\"SearchAction\",\"target\":{\"@type\":\"EntryPoint\",\"urlTemplate\":\"https:\/\/datingnerdz.com\/?s={search_term_string}\"},\"query-input\":{\"@type\":\"PropertyValueSpecification\",\"valueRequired\":true,\"valueName\":\"search_term_string\"}}],\"inLanguage\":\"fi\"}]}<\/script>\n<!-- \/ Yoast SEO plugin. -->","yoast_head_json":{"title":"Home - datingnerdz","robots":{"index":"index","follow":"follow","max-snippet":"max-snippet:-1","max-image-preview":"max-image-preview:large","max-video-preview":"max-video-preview:-1"},"canonical":"https:\/\/datingnerdz.com\/fi\/home\/","og_locale":"fi_FI","og_type":"article","og_title":"Home - datingnerdz","og_description":"Tervetuloa Datingnerdz &nbsp; [shortcode_toptenlist]","og_url":"https:\/\/datingnerdz.com\/fi\/home\/","og_site_name":"datingnerdz","article_modified_time":"2018-03-23T11:56:29+00:00","twitter_card":"summary_large_image","schema":{"@context":"https:\/\/schema.org","@graph":[{"@type":"WebPage","@id":"https:\/\/datingnerdz.com\/fi\/home\/","url":"https:\/\/datingnerdz.com\/fi\/home\/","name":"Home - datingnerdz","isPartOf":{"@id":"https:\/\/datingnerdz.com\/#website"},"datePublished":"2017-12-04T05:31:48+00:00","dateModified":"2018-03-23T11:56:29+00:00","breadcrumb":{"@id":"https:\/\/datingnerdz.com\/fi\/home\/#breadcrumb"},"inLanguage":"fi","potentialAction":[{"@type":"ReadAction","target":["https:\/\/datingnerdz.com\/fi\/home\/"]}]},{"@type":"BreadcrumbList","@id":"https:\/\/datingnerdz.com\/fi\/home\/#breadcrumb","itemListElement":[{"@type":"ListItem","position":1,"name":"Home","item":"https:\/\/datingnerdz.com\/"},{"@type":"ListItem","position":2,"name":"Home"}]},{"@type":"WebSite","@id":"https:\/\/datingnerdz.com\/#website","url":"https:\/\/datingnerdz.com\/","name":"datingnerdz","description":"datingnerdz","potentialAction":[{"@type":"SearchAction","target":{"@type":"EntryPoint","urlTemplate":"https:\/\/datingnerdz.com\/?s={search_term_string}"},"query-input":{"@type":"PropertyValueSpecification","valueRequired":true,"valueName":"search_term_string"}}],"inLanguage":"fi"}]}},"jetpack_sharing_enabled":true,"_links":{"self":[{"href":"https:\/\/datingnerdz.com\/fi\/wp-json\/wp\/v2\/pages\/29","targetHints":{"allow":["GET"]}}],"collection":[{"href":"https:\/\/datingnerdz.com\/fi\/wp-json\/wp\/v2\/pages"}],"about":[{"href":"https:\/\/datingnerdz.com\/fi\/wp-json\/wp\/v2\/types\/page"}],"author":[{"embeddable":true,"href":"https:\/\/datingnerdz.com\/fi\/wp-json\/wp\/v2\/users\/1"}],"replies":[{"embeddable":true,"href":"https:\/\/datingnerdz.com\/fi\/wp-json\/wp\/v2\/comments?post=29"}],"version-history":[{"count":3,"href":"https:\/\/datingnerdz.com\/fi\/wp-json\/wp\/v2\/pages\/29\/revisions"}],"predecessor-version":[{"id":684,"href":"https:\/\/datingnerdz.com\/fi\/wp-json\/wp\/v2\/pages\/29\/revisions\/684"}],"wp:attachment":[{"href":"https:\/\/datingnerdz.com\/fi\/wp-json\/wp\/v2\/media?parent=29"}],"curies":[{"name":"wp","href":"https:\/\/api.w.org\/{rel}","templated":true}]}}