{"id":27,"date":"2017-12-04T05:30:00","date_gmt":"2017-12-04T05:30:00","guid":{"rendered":"http:\/\/datingnerdz.com\/?page_id=27"},"modified":"2018-03-23T11:56:09","modified_gmt":"2018-03-23T11:56:09","slug":"home","status":"publish","type":"page","link":"https:\/\/datingnerdz.com\/da\/home\/","title":{"rendered":"Home"},"content":{"rendered":"<p>Velkommen til Datingnerdz<\/p>\n\t\t<div class=\"wppsac-wrap wppsac-slick-slider-wrp wppsac-clearfix \" data-conf=\"{&quot;dots&quot;:&quot;true&quot;,&quot;arrows&quot;:&quot;true&quot;,&quot;autoplay&quot;:&quot;true&quot;,&quot;autoplay_interval&quot;:3000,&quot;speed&quot;:500,&quot;rtl&quot;:&quot;false&quot;,&quot;lazyload&quot;:&quot;&quot;}\">\r\n\t\t\t<div id=\"wppsac-post-slider-1\" class=\"wppsac-post-slider-init wppsac-post-slider design-3\">\r\n\t\t\t\t<div class=\"wppsac-post-slides\">\r\n\t<div class=\"wppsac-post-overlay\">\r\n\t\t<div class=\"wppsac-post-image-bg\">\r\n\t\t\t<a href=\"https:\/\/datingnerdz.com\/da\/ideer-til-foerste-date\/\">\r\n\t\t\t\t\t\t\t<\/a>\r\n\t\t<\/div>\r\n\r\n\t\t\t\t<div class=\"wppsac-post-categories\"><ul class=\"wppsac-post-categories-list\"><li><a href=\"https:\/\/datingnerdz.com\/da\/uncategorized-da\/\">Uncategorized @da<\/a><\/li><\/ul><\/div>\r\n\t\t\r\n\t\t<div class=\"wppsac-post-short-content\">\r\n\t\t\t<div class=\"wppsac-item-meta bottom\">\r\n\t\t\t  \t<h2 class=\"wppsac-post-title\">\r\n\t\t\t\t\t<a href=\"https:\/\/datingnerdz.com\/da\/ideer-til-foerste-date\/\">GUIDE: De bedste ideer til f\u00f8rste date &#8211; sjove, romantiske, s\u00f8de (fuld liste)<\/a>\r\n\t\t\t\t<\/h2>\r\n\r\n\t\t\t\t\t\t\t\t<div class=\"wppsac-post-date\">\r\n\t\t\t\t\t \r\n\t\t\t\t\t<span>By nerds8679<\/span>\r\n\t\t\t\t\t \/ juni 7, 2019\t\t\t\t<\/div>\r\n\t\t\t\t\t\t\t\t<div class=\"wppsac-post-content\">\r\n\t\t\t\t\t<div class=\"wppsac-sub-content\">Tillykke! Du har fundet den (potentielt) perfekte person at date, og forh\u00e5bentligt l\u00e6re lidt bedre at kende. Men hvad nu?...<\/div>\r\n\r\n\t\t\t\t\t\t\t\t\t\t<a class=\"wppsac-readmorebtn\" href=\"https:\/\/datingnerdz.com\/da\/ideer-til-foerste-date\/\">Read More<\/a>\r\n\t\t\t\t\t\t\t\t\t<\/div>\r\n\t\t\t\t\t\t\t<\/div>\r\n\t\t<\/div>\r\n\t<\/div>\r\n<\/div><div class=\"wppsac-post-slides\">\r\n\t<div class=\"wppsac-post-overlay\">\r\n\t\t<div class=\"wppsac-post-image-bg\">\r\n\t\t\t<a href=\"https:\/\/datingnerdz.com\/da\/bedste-online-dating-aabningsreplik\/\">\r\n\t\t\t\t\t\t\t\t<img width=\"680\" height=\"680\" decoding=\"async\" class=\"wppsac-post-image wp-image-475\" src=\"https:\/\/res.cloudinary.com\/dn436c8hc\/images\/w_680,h_680,c_fill,g_auto\/f_auto,q_auto\/v1519730191\/Tradition_Ord_Labyrint_wum3kj_zt6kyc\/Tradition_Ord_Labyrint_wum3kj_zt6kyc.jpg?_i=AA\" alt=\"5 enkle, men effektive online dating-\u00e5bnings replikker til m\u00e6nd, der vil give dig resultater\" data-public-id=\"Tradition_Ord_Labyrint_wum3kj_zt6kyc.jpg\" data-format=\"jpg\" data-transformations=\"f_auto,q_auto\" data-version=\"1519730191\" srcset=\"https:\/\/res.cloudinary.com\/dn436c8hc\/images\/f_auto,q_auto\/v1519730191\/Tradition_Ord_Labyrint_wum3kj_zt6kyc\/Tradition_Ord_Labyrint_wum3kj_zt6kyc.jpg?_i=AA 680w, https:\/\/res.cloudinary.com\/dn436c8hc\/images\/w_285,h_285,c_fill,g_auto\/f_auto,q_auto\/v1519730191\/Tradition_Ord_Labyrint_wum3kj_zt6kyc\/Tradition_Ord_Labyrint_wum3kj_zt6kyc.jpg?_i=AA 285w, https:\/\/res.cloudinary.com\/dn436c8hc\/images\/w_150,h_150,c_fill,g_auto\/f_auto,q_auto\/v1519730191\/Tradition_Ord_Labyrint_wum3kj_zt6kyc\/Tradition_Ord_Labyrint_wum3kj_zt6kyc.jpg?_i=AA 150w, https:\/\/res.cloudinary.com\/dn436c8hc\/images\/w_100,h_100,c_fill,g_auto\/f_auto,q_auto\/v1519730191\/Tradition_Ord_Labyrint_wum3kj_zt6kyc\/Tradition_Ord_Labyrint_wum3kj_zt6kyc.jpg?_i=AA 100w, https:\/\/res.cloudinary.com\/dn436c8hc\/images\/w_65,h_65,c_fill,g_auto\/f_auto,q_auto\/v1519730191\/Tradition_Ord_Labyrint_wum3kj_zt6kyc\/Tradition_Ord_Labyrint_wum3kj_zt6kyc.jpg?_i=AA 65w\" sizes=\"(max-width: 680px) 100vw, 680px\" \/>\r\n\t\t\t\t\t\t\t<\/a>\r\n\t\t<\/div>\r\n\r\n\t\t\t\t<div class=\"wppsac-post-categories\"><ul class=\"wppsac-post-categories-list\"><li><a href=\"https:\/\/datingnerdz.com\/da\/uncategorized-da\/\">Uncategorized @da<\/a><\/li><\/ul><\/div>\r\n\t\t\r\n\t\t<div class=\"wppsac-post-short-content\">\r\n\t\t\t<div class=\"wppsac-item-meta bottom\">\r\n\t\t\t  \t<h2 class=\"wppsac-post-title\">\r\n\t\t\t\t\t<a href=\"https:\/\/datingnerdz.com\/da\/bedste-online-dating-aabningsreplik\/\">5 enkle, men effektive online dating-\u00e5bnings replikker til    m\u00e6nd, der vil give dig resultater<\/a>\r\n\t\t\t\t<\/h2>\r\n\r\n\t\t\t\t\t\t\t\t<div class=\"wppsac-post-date\">\r\n\t\t\t\t\t \r\n\t\t\t\t\t<span>By nerds8679<\/span>\r\n\t\t\t\t\t \/ februar 17, 2018\t\t\t\t<\/div>\r\n\t\t\t\t\t\t\t\t<div class=\"wppsac-post-content\">\r\n\t\t\t\t\t<div class=\"wppsac-sub-content\">5 enkle, men effektive online dating-\u00e5bnings replikker til m\u00e6nd, der vil give dig resultater Hallo! Jeg kan se, at du...<\/div>\r\n\r\n\t\t\t\t\t\t\t\t\t\t<a class=\"wppsac-readmorebtn\" href=\"https:\/\/datingnerdz.com\/da\/bedste-online-dating-aabningsreplik\/\">Read More<\/a>\r\n\t\t\t\t\t\t\t\t\t<\/div>\r\n\t\t\t\t\t\t\t<\/div>\r\n\t\t<\/div>\r\n\t<\/div>\r\n<\/div><div class=\"wppsac-post-slides\">\r\n\t<div class=\"wppsac-post-overlay\">\r\n\t\t<div class=\"wppsac-post-image-bg\">\r\n\t\t\t<a href=\"https:\/\/datingnerdz.com\/da\/saadan-opretter-du-den-perfekte-online-dating-profil-som-mand\/\">\r\n\t\t\t\t\t\t\t\t<img width=\"680\" height=\"454\" decoding=\"async\" class=\"wppsac-post-image wp-image-477\" src=\"https:\/\/res.cloudinary.com\/dn436c8hc\/images\/w_680,h_454,c_scale\/f_auto,q_auto\/v1519731573\/Online_Dating_Keyboard_Button_xnn1yh_ssn7mb\/Online_Dating_Keyboard_Button_xnn1yh_ssn7mb.jpg?_i=AA\" alt=\"S\u00e5dan opretter du den perfekte online dating profil som MAND\" data-public-id=\"Online_Dating_Keyboard_Button_xnn1yh_ssn7mb.jpg\" data-format=\"jpg\" data-transformations=\"f_auto,q_auto\" data-version=\"1519731573\" srcset=\"https:\/\/res.cloudinary.com\/dn436c8hc\/images\/f_auto,q_auto\/v1519731573\/Online_Dating_Keyboard_Button_xnn1yh_ssn7mb\/Online_Dating_Keyboard_Button_xnn1yh_ssn7mb.jpg?_i=AA 680w, https:\/\/res.cloudinary.com\/dn436c8hc\/images\/w_427,h_285,c_scale\/f_auto,q_auto\/v1519731573\/Online_Dating_Keyboard_Button_xnn1yh_ssn7mb\/Online_Dating_Keyboard_Button_xnn1yh_ssn7mb.jpg?_i=AA 427w, https:\/\/res.cloudinary.com\/dn436c8hc\/images\/w_450,h_300,c_scale\/f_auto,q_auto\/v1519731573\/Online_Dating_Keyboard_Button_xnn1yh_ssn7mb\/Online_Dating_Keyboard_Button_xnn1yh_ssn7mb.jpg?_i=AA 450w\" sizes=\"(max-width: 680px) 100vw, 680px\" \/>\r\n\t\t\t\t\t\t\t<\/a>\r\n\t\t<\/div>\r\n\r\n\t\t\t\t<div class=\"wppsac-post-categories\"><ul class=\"wppsac-post-categories-list\"><li><a href=\"https:\/\/datingnerdz.com\/da\/uncategorized-da\/\">Uncategorized @da<\/a><\/li><\/ul><\/div>\r\n\t\t\r\n\t\t<div class=\"wppsac-post-short-content\">\r\n\t\t\t<div class=\"wppsac-item-meta bottom\">\r\n\t\t\t  \t<h2 class=\"wppsac-post-title\">\r\n\t\t\t\t\t<a href=\"https:\/\/datingnerdz.com\/da\/saadan-opretter-du-den-perfekte-online-dating-profil-som-mand\/\">S\u00e5dan opretter du den perfekte online dating profil som MAND<\/a>\r\n\t\t\t\t<\/h2>\r\n\r\n\t\t\t\t\t\t\t\t<div class=\"wppsac-post-date\">\r\n\t\t\t\t\t \r\n\t\t\t\t\t<span>By nerds8679<\/span>\r\n\t\t\t\t\t \/ februar 17, 2018\t\t\t\t<\/div>\r\n\t\t\t\t\t\t\t\t<div class=\"wppsac-post-content\">\r\n\t\t\t\t\t<div class=\"wppsac-sub-content\">&nbsp; S\u00e5dan opretter du den perfekte online dating profil som MAND Jeg har t\u00e6nkt mig for at g\u00e5 direkte til...<\/div>\r\n\r\n\t\t\t\t\t\t\t\t\t\t<a class=\"wppsac-readmorebtn\" href=\"https:\/\/datingnerdz.com\/da\/saadan-opretter-du-den-perfekte-online-dating-profil-som-mand\/\">Read More<\/a>\r\n\t\t\t\t\t\t\t\t\t<\/div>\r\n\t\t\t\t\t\t\t<\/div>\r\n\t\t<\/div>\r\n\t<\/div>\r\n<\/div><div class=\"wppsac-post-slides\">\r\n\t<div class=\"wppsac-post-overlay\">\r\n\t\t<div class=\"wppsac-post-image-bg\">\r\n\t\t\t<a href=\"https:\/\/datingnerdz.com\/da\/saadanscorer-du-pigerpaa-en-natklub\/\">\r\n\t\t\t\t\t\t\t\t<img width=\"680\" height=\"371\" decoding=\"async\" class=\"wppsac-post-image wp-image-435\" src=\"https:\/\/res.cloudinary.com\/dn436c8hc\/images\/w_680,h_371,c_scale\/f_auto,q_auto\/v1515672680\/Man_Woman_Flirting_In_A_Bar_ec8nd0\/Man_Woman_Flirting_In_A_Bar_ec8nd0.jpg?_i=AA\" alt=\"14 Tips til at scorerpigerp\u00e5 en natklubogf\u00e5 de resultater, du er udeefter\" data-public-id=\"Man_Woman_Flirting_In_A_Bar_ec8nd0.jpg\" data-format=\"jpg\" data-transformations=\"f_auto,q_auto\" data-version=\"1515672680\" srcset=\"https:\/\/res.cloudinary.com\/dn436c8hc\/images\/f_auto,q_auto\/v1515672680\/Man_Woman_Flirting_In_A_Bar_ec8nd0\/Man_Woman_Flirting_In_A_Bar_ec8nd0.jpg?_i=AA 680w, https:\/\/res.cloudinary.com\/dn436c8hc\/images\/w_522,h_285,c_scale\/f_auto,q_auto\/v1515672680\/Man_Woman_Flirting_In_A_Bar_ec8nd0\/Man_Woman_Flirting_In_A_Bar_ec8nd0.jpg?_i=AA 522w\" sizes=\"(max-width: 680px) 100vw, 680px\" \/>\r\n\t\t\t\t\t\t\t<\/a>\r\n\t\t<\/div>\r\n\r\n\t\t\t\t<div class=\"wppsac-post-categories\"><ul class=\"wppsac-post-categories-list\"><li><a href=\"https:\/\/datingnerdz.com\/da\/uncategorized-da\/\">Uncategorized @da<\/a><\/li><\/ul><\/div>\r\n\t\t\r\n\t\t<div class=\"wppsac-post-short-content\">\r\n\t\t\t<div class=\"wppsac-item-meta bottom\">\r\n\t\t\t  \t<h2 class=\"wppsac-post-title\">\r\n\t\t\t\t\t<a href=\"https:\/\/datingnerdz.com\/da\/saadanscorer-du-pigerpaa-en-natklub\/\">14 Tips til at scorerpigerp\u00e5 en natklubogf\u00e5 de resultater, du er udeefter<\/a>\r\n\t\t\t\t<\/h2>\r\n\r\n\t\t\t\t\t\t\t\t<div class=\"wppsac-post-date\">\r\n\t\t\t\t\t \r\n\t\t\t\t\t<span>By nerds8679<\/span>\r\n\t\t\t\t\t \/ februar 17, 2018\t\t\t\t<\/div>\r\n\t\t\t\t\t\t\t\t<div class=\"wppsac-post-content\">\r\n\t\t\t\t\t<div class=\"wppsac-sub-content\">14 Tips til at scorerpigerp\u00e5 en natklubogf\u00e5 de resultater, du er udeefter Hej! Jeg har v\u00e6retp\u00e5 mange natklubberp\u00e5detseneste, ogjeg har...<\/div>\r\n\r\n\t\t\t\t\t\t\t\t\t\t<a class=\"wppsac-readmorebtn\" href=\"https:\/\/datingnerdz.com\/da\/saadanscorer-du-pigerpaa-en-natklub\/\">Read More<\/a>\r\n\t\t\t\t\t\t\t\t\t<\/div>\r\n\t\t\t\t\t\t\t<\/div>\r\n\t\t<\/div>\r\n\t<\/div>\r\n<\/div>\t\t\t<\/div>\r\n\t\t<\/div>\r\n\t\n<p>&nbsp;<\/p>\n<div class=\"home_post_static\"><\/div>\n<div class=\"home_post_static\"><\/div>\n<div class=\"home_post_static\"><\/div>\n<div class=\"home_post_static\">\n<div class=\"clear\">[shortcode_toptenlist]<\/div>\n<\/div>\n","protected":false},"excerpt":{"rendered":"<p>Velkommen til Datingnerdz &nbsp; [shortcode_toptenlist]<\/p>\n","protected":false},"author":1,"featured_media":0,"parent":0,"menu_order":0,"comment_status":"closed","ping_status":"closed","template":"","meta":{"_cloudinary_featured_overwrite":false,"footnotes":""},"class_list":["post-27","page","type-page","status-publish","hentry"],"yoast_head":"<!-- This site is optimized with the Yoast SEO plugin v26.9 - https:\/\/yoast.com\/product\/yoast-seo-wordpress\/ -->\n<title>Home - datingnerdz<\/title>\n<meta name=\"robots\" content=\"index, follow, max-snippet:-1, max-image-preview:large, max-video-preview:-1\" \/>\n<link rel=\"canonical\" href=\"https:\/\/datingnerdz.com\/da\/home\/\" \/>\n<meta property=\"og:locale\" content=\"da_DK\" \/>\n<meta property=\"og:type\" content=\"article\" \/>\n<meta property=\"og:title\" content=\"Home - datingnerdz\" \/>\n<meta property=\"og:description\" content=\"Velkommen til Datingnerdz &nbsp; [shortcode_toptenlist]\" \/>\n<meta property=\"og:url\" content=\"https:\/\/datingnerdz.com\/da\/home\/\" \/>\n<meta property=\"og:site_name\" content=\"datingnerdz\" \/>\n<meta property=\"article:modified_time\" content=\"2018-03-23T11:56:09+00:00\" \/>\n<meta name=\"twitter:card\" content=\"summary_large_image\" \/>\n<script type=\"application\/ld+json\" class=\"yoast-schema-graph\">{\"@context\":\"https:\/\/schema.org\",\"@graph\":[{\"@type\":\"WebPage\",\"@id\":\"https:\/\/datingnerdz.com\/da\/home\/\",\"url\":\"https:\/\/datingnerdz.com\/da\/home\/\",\"name\":\"Home - datingnerdz\",\"isPartOf\":{\"@id\":\"https:\/\/datingnerdz.com\/#website\"},\"datePublished\":\"2017-12-04T05:30:00+00:00\",\"dateModified\":\"2018-03-23T11:56:09+00:00\",\"breadcrumb\":{\"@id\":\"https:\/\/datingnerdz.com\/da\/home\/#breadcrumb\"},\"inLanguage\":\"da-DK\",\"potentialAction\":[{\"@type\":\"ReadAction\",\"target\":[\"https:\/\/datingnerdz.com\/da\/home\/\"]}]},{\"@type\":\"BreadcrumbList\",\"@id\":\"https:\/\/datingnerdz.com\/da\/home\/#breadcrumb\",\"itemListElement\":[{\"@type\":\"ListItem\",\"position\":1,\"name\":\"Home\",\"item\":\"https:\/\/datingnerdz.com\/\"},{\"@type\":\"ListItem\",\"position\":2,\"name\":\"Home\"}]},{\"@type\":\"WebSite\",\"@id\":\"https:\/\/datingnerdz.com\/#website\",\"url\":\"https:\/\/datingnerdz.com\/\",\"name\":\"datingnerdz\",\"description\":\"datingnerdz\",\"potentialAction\":[{\"@type\":\"SearchAction\",\"target\":{\"@type\":\"EntryPoint\",\"urlTemplate\":\"https:\/\/datingnerdz.com\/?s={search_term_string}\"},\"query-input\":{\"@type\":\"PropertyValueSpecification\",\"valueRequired\":true,\"valueName\":\"search_term_string\"}}],\"inLanguage\":\"da-DK\"}]}<\/script>\n<!-- \/ Yoast SEO plugin. -->","yoast_head_json":{"title":"Home - datingnerdz","robots":{"index":"index","follow":"follow","max-snippet":"max-snippet:-1","max-image-preview":"max-image-preview:large","max-video-preview":"max-video-preview:-1"},"canonical":"https:\/\/datingnerdz.com\/da\/home\/","og_locale":"da_DK","og_type":"article","og_title":"Home - datingnerdz","og_description":"Velkommen til Datingnerdz &nbsp; [shortcode_toptenlist]","og_url":"https:\/\/datingnerdz.com\/da\/home\/","og_site_name":"datingnerdz","article_modified_time":"2018-03-23T11:56:09+00:00","twitter_card":"summary_large_image","schema":{"@context":"https:\/\/schema.org","@graph":[{"@type":"WebPage","@id":"https:\/\/datingnerdz.com\/da\/home\/","url":"https:\/\/datingnerdz.com\/da\/home\/","name":"Home - datingnerdz","isPartOf":{"@id":"https:\/\/datingnerdz.com\/#website"},"datePublished":"2017-12-04T05:30:00+00:00","dateModified":"2018-03-23T11:56:09+00:00","breadcrumb":{"@id":"https:\/\/datingnerdz.com\/da\/home\/#breadcrumb"},"inLanguage":"da-DK","potentialAction":[{"@type":"ReadAction","target":["https:\/\/datingnerdz.com\/da\/home\/"]}]},{"@type":"BreadcrumbList","@id":"https:\/\/datingnerdz.com\/da\/home\/#breadcrumb","itemListElement":[{"@type":"ListItem","position":1,"name":"Home","item":"https:\/\/datingnerdz.com\/"},{"@type":"ListItem","position":2,"name":"Home"}]},{"@type":"WebSite","@id":"https:\/\/datingnerdz.com\/#website","url":"https:\/\/datingnerdz.com\/","name":"datingnerdz","description":"datingnerdz","potentialAction":[{"@type":"SearchAction","target":{"@type":"EntryPoint","urlTemplate":"https:\/\/datingnerdz.com\/?s={search_term_string}"},"query-input":{"@type":"PropertyValueSpecification","valueRequired":true,"valueName":"search_term_string"}}],"inLanguage":"da-DK"}]}},"jetpack_sharing_enabled":true,"_links":{"self":[{"href":"https:\/\/datingnerdz.com\/da\/wp-json\/wp\/v2\/pages\/27","targetHints":{"allow":["GET"]}}],"collection":[{"href":"https:\/\/datingnerdz.com\/da\/wp-json\/wp\/v2\/pages"}],"about":[{"href":"https:\/\/datingnerdz.com\/da\/wp-json\/wp\/v2\/types\/page"}],"author":[{"embeddable":true,"href":"https:\/\/datingnerdz.com\/da\/wp-json\/wp\/v2\/users\/1"}],"replies":[{"embeddable":true,"href":"https:\/\/datingnerdz.com\/da\/wp-json\/wp\/v2\/comments?post=27"}],"version-history":[{"count":3,"href":"https:\/\/datingnerdz.com\/da\/wp-json\/wp\/v2\/pages\/27\/revisions"}],"predecessor-version":[{"id":683,"href":"https:\/\/datingnerdz.com\/da\/wp-json\/wp\/v2\/pages\/27\/revisions\/683"}],"wp:attachment":[{"href":"https:\/\/datingnerdz.com\/da\/wp-json\/wp\/v2\/media?parent=27"}],"curies":[{"name":"wp","href":"https:\/\/api.w.org\/{rel}","templated":true}]}}